{"id":1295,"date":"2025-11-02T00:58:17","date_gmt":"2025-11-02T00:58:17","guid":{"rendered":"https:\/\/omamorispirit.com\/?page_id=1295"},"modified":"2025-11-02T06:11:54","modified_gmt":"2025-11-02T06:11:54","slug":"chubu","status":"publish","type":"page","link":"https:\/\/omamorispirit.com\/en\/shrines-temples\/chubu\/","title":{"rendered":"Chubu"},"content":{"rendered":"\t\t<div data-elementor-type=\"wp-page\" data-elementor-id=\"1295\" class=\"elementor elementor-1295\" data-elementor-post-type=\"page\">\n\t\t\t\t<div class=\"elementor-element elementor-element-e51ef66 e-con-full e-flex e-con e-parent\" data-id=\"e51ef66\" data-element_type=\"container\" data-e-type=\"container\">\n\t\t\t\t<div class=\"elementor-element elementor-element-bc94141 elementor-widget__width-inherit elementor-absolute elementor-widget elementor-widget-heading\" data-id=\"bc94141\" data-element_type=\"widget\" data-e-type=\"widget\" data-settings=\"{&quot;_position&quot;:&quot;absolute&quot;}\" data-widget_type=\"heading.default\">\n\t\t\t\t\t<h1 class=\"elementor-heading-title elementor-size-default\">Chubu<\/h1>\t\t\t\t<\/div>\n\t\t\t\t<div class=\"elementor-element elementor-element-4ee5209 elementor-widget elementor-widget-image\" data-id=\"4ee5209\" data-element_type=\"widget\" data-e-type=\"widget\" data-widget_type=\"image.default\">\n\t\t\t\t\t\t\t\t\t\t\t\t\t\t\t<img fetchpriority=\"high\" decoding=\"async\" width=\"800\" height=\"600\" src=\"https:\/\/omamorispirit.com\/wp-content\/uploads\/2025\/11\/Ise-jingu-Shrine.jpeg\" class=\"attachment-large size-large wp-image-1385\" alt=\"Ise jingu Shrine\" srcset=\"https:\/\/omamorispirit.com\/wp-content\/uploads\/2025\/11\/Ise-jingu-Shrine.jpeg 1000w, https:\/\/omamorispirit.com\/wp-content\/uploads\/2025\/11\/Ise-jingu-Shrine-300x225.jpeg 300w, https:\/\/omamorispirit.com\/wp-content\/uploads\/2025\/11\/Ise-jingu-Shrine-768x576.jpeg 768w, https:\/\/omamorispirit.com\/wp-content\/uploads\/2025\/11\/Ise-jingu-Shrine-16x12.jpeg 16w, https:\/\/omamorispirit.com\/wp-content\/uploads\/2025\/11\/Ise-jingu-Shrine-600x450.jpeg 600w\" sizes=\"(max-width: 800px) 100vw, 800px\" \/>\t\t\t\t\t\t\t\t\t\t\t\t\t\t\t<\/div>\n\t\t\t\t<\/div>\n\t\t<div class=\"elementor-element elementor-element-c08bb81 e-flex e-con-boxed e-con e-parent\" data-id=\"c08bb81\" data-element_type=\"container\" data-e-type=\"container\">\n\t\t\t\t\t<div class=\"e-con-inner\">\n\t\t<div class=\"elementor-element elementor-element-6262128 e-con-full e-flex e-con e-child\" data-id=\"6262128\" data-element_type=\"container\" data-e-type=\"container\">\n\t\t\t\t<div class=\"elementor-element elementor-element-a75b60b elementor-widget elementor-widget-igmap\" data-id=\"a75b60b\" data-element_type=\"widget\" data-e-type=\"widget\" data-widget_type=\"igmap.default\">\n\t\t\t\t<div class=\"elementor-widget-container\">\n\t\t\t\t\t<div class=\"igmap-elementor-widget\"><div class=\"map_wrapper\" id=\"map_wrapper_1265\">\n<div class=\"map_box\" style=\"max-width:2000px\">\n<div class=\"map_aspect_ratio\" style=\"padding-top:56%\" data-padding-top=\"56%\" data-padding-top-mobile=\"0%\">\n<div class=\"map_container\">\n<div class=\"map_render map_loading\" id=\"map_1265\"><\/div>\n<\/div>\n<\/div>\n<\/div>\n<\/div><\/div>\t\t\t\t<\/div>\n\t\t\t\t<\/div>\n\t\t\t\t<\/div>\n\t\t<div class=\"elementor-element elementor-element-91eead4 e-con-full e-flex e-con e-child\" data-id=\"91eead4\" data-element_type=\"container\" data-e-type=\"container\">\n\t\t\t\t<div class=\"elementor-element elementor-element-12cc61b elementor-widget elementor-widget-heading\" data-id=\"12cc61b\" data-element_type=\"widget\" data-e-type=\"widget\" data-widget_type=\"heading.default\">\n\t\t\t\t\t<h2 class=\"elementor-heading-title elementor-size-default\">Regions of Japan<\/h2>\t\t\t\t<\/div>\n\t\t\t\t<div class=\"elementor-element elementor-element-0063932 elementor-widget elementor-widget-heading\" data-id=\"0063932\" data-element_type=\"widget\" data-e-type=\"widget\" data-widget_type=\"heading.default\">\n\t\t\t\t\t<h2 class=\"elementor-heading-title elementor-size-default\"><p style=\"letter-spacing: normal;text-transform: none;white-space: normal\">Temples &amp; Shrines of Chubu<span style=\"font-family: var( --e-global-typography-primary-font-family ), Sans-serif;font-size: var( --e-global-typography-primary-font-size );font-style: var( --e-global-typography-primary-font-style );letter-spacing: var( --e-global-typography-primary-letter-spacing );text-transform: var( --e-global-typography-primary-text-transform );white-space: pre-wrap;text-decoration: var( --e-global-typography-primary-text-decoration );text-align: var(--text-align)\"><\/span><\/p><\/h2>\t\t\t\t<\/div>\n\t\t\t\t<div class=\"elementor-element elementor-element-8ee85fd elementor-widget elementor-widget-text-editor\" data-id=\"8ee85fd\" data-element_type=\"widget\" data-e-type=\"widget\" data-widget_type=\"text-editor.default\">\n\t\t\t\t\t\t\t\t\t<p class=\"p1\">Chubu\u2019s sacred sites lie between Japan\u2019s highest peaks and quiet valleys. Visit Zenko-ji in Nagano or Atsuta Shrine in Nagoya to experience the timeless stillness that defines Japan\u2019s spiritual center.<\/p>\t\t\t\t\t\t\t\t<\/div>\n\t\t\t\t<\/div>\n\t\t\t\t\t<\/div>\n\t\t\t\t<\/div>\n\t\t<div class=\"elementor-element elementor-element-e887888 e-flex e-con-boxed e-con e-parent\" data-id=\"e887888\" data-element_type=\"container\" data-e-type=\"container\">\n\t\t\t\t\t<div class=\"e-con-inner\">\n\t\t\t\t<div class=\"elementor-element elementor-element-c4e8dc4 elementor-grid-3 elementor-grid-tablet-2 elementor-grid-mobile-1 elementor-posts--thumbnail-top elementor-widget elementor-widget-posts\" data-id=\"c4e8dc4\" data-element_type=\"widget\" data-e-type=\"widget\" data-settings=\"{&quot;classic_columns&quot;:&quot;3&quot;,&quot;classic_columns_tablet&quot;:&quot;2&quot;,&quot;classic_columns_mobile&quot;:&quot;1&quot;,&quot;classic_row_gap&quot;:{&quot;unit&quot;:&quot;px&quot;,&quot;size&quot;:35,&quot;sizes&quot;:[]},&quot;classic_row_gap_tablet&quot;:{&quot;unit&quot;:&quot;px&quot;,&quot;size&quot;:&quot;&quot;,&quot;sizes&quot;:[]},&quot;classic_row_gap_mobile&quot;:{&quot;unit&quot;:&quot;px&quot;,&quot;size&quot;:&quot;&quot;,&quot;sizes&quot;:[]}}\" data-widget_type=\"posts.classic\">\n\t\t\t\t<div class=\"elementor-widget-container\">\n\t\t\t\t\t\t\t<div class=\"elementor-posts-container elementor-posts elementor-posts--skin-classic elementor-grid\" role=\"list\">\n\t\t\t\t<article class=\"elementor-post elementor-grid-item post-1376 post type-post status-publish format-standard has-post-thumbnail hentry category-chubu category-shrines-temples tag-buddhist tag-chubu tag-forest tag-temple\" role=\"listitem\">\n\t\t\t\t<a class=\"elementor-post__thumbnail__link\" href=\"https:\/\/omamorispirit.com\/en\/shrines-temples\/eihei-ji-temple-the-enduring-heart-of-soto-zen-in-chubu\/\" tabindex=\"-1\" >\n\t\t\t<div class=\"elementor-post__thumbnail\"><img decoding=\"async\" width=\"300\" height=\"200\" src=\"https:\/\/omamorispirit.com\/wp-content\/uploads\/2025\/11\/Eihei-ji-Temple-02-Grande-300x200.jpeg\" class=\"attachment-medium size-medium wp-image-1459\" alt=\"\" srcset=\"https:\/\/omamorispirit.com\/wp-content\/uploads\/2025\/11\/Eihei-ji-Temple-02-Grande-300x200.jpeg 300w, https:\/\/omamorispirit.com\/wp-content\/uploads\/2025\/11\/Eihei-ji-Temple-02-Grande-1024x683.jpeg 1024w, https:\/\/omamorispirit.com\/wp-content\/uploads\/2025\/11\/Eihei-ji-Temple-02-Grande-768x512.jpeg 768w, https:\/\/omamorispirit.com\/wp-content\/uploads\/2025\/11\/Eihei-ji-Temple-02-Grande-18x12.jpeg 18w, https:\/\/omamorispirit.com\/wp-content\/uploads\/2025\/11\/Eihei-ji-Temple-02-Grande-600x400.jpeg 600w, https:\/\/omamorispirit.com\/wp-content\/uploads\/2025\/11\/Eihei-ji-Temple-02-Grande.jpeg 1280w\" sizes=\"(max-width: 300px) 100vw, 300px\" \/><\/div>\n\t\t<\/a>\n\t\t\t\t<div class=\"elementor-post__text\">\n\t\t\t\t<h3 class=\"elementor-post__title\">\n\t\t\t<a href=\"https:\/\/omamorispirit.com\/en\/shrines-temples\/eihei-ji-temple-the-enduring-heart-of-soto-zen-in-chubu\/\" >\n\t\t\t\tEihei-ji Temple: The Enduring Heart of S\u014dt\u014d Zen in Ch\u016bbu\t\t\t<\/a>\n\t\t<\/h3>\n\t\t\n\t\t<a class=\"elementor-post__read-more\" href=\"https:\/\/omamorispirit.com\/en\/shrines-temples\/eihei-ji-temple-the-enduring-heart-of-soto-zen-in-chubu\/\" aria-label=\"Read more about Eihei-ji Temple: The Enduring Heart of S\u014dt\u014d Zen in Ch\u016bbu\" tabindex=\"-1\" >\n\t\t\tRead More \u00bb\t\t<\/a>\n\n\t\t\t\t<\/div>\n\t\t\t\t<\/article>\n\t\t\t\t<\/div>\n\t\t\n\t\t\t\t\t\t<\/div>\n\t\t\t\t<\/div>\n\t\t\t\t\t<\/div>\n\t\t\t\t<\/div>\n\t\t\t\t<\/div>\n\t\t","protected":false},"excerpt":{"rendered":"<p>Chubu Preview Only Regions of Japan Temples &amp; Shrines of Chubu Chubu\u2019s sacred sites lie between Japan\u2019s highest peaks and quiet valleys. Visit Zenko-ji in<\/p>\n","protected":false},"author":1,"featured_media":0,"parent":1176,"menu_order":0,"comment_status":"closed","ping_status":"closed","template":"","meta":{"_acf_changed":false,"footnotes":""},"class_list":["post-1295","page","type-page","status-publish","hentry"],"acf":[],"yoast_head":"<!-- This site is optimized with the Yoast SEO plugin v27.5 - https:\/\/yoast.com\/product\/yoast-seo-wordpress\/ -->\n<title>Chubu Temples &amp; Shrines, Japan\u2019s Heartland of Faith and Tradition<\/title>\n<meta name=\"description\" content=\"Journey through Chubu\u2019s spiritual landmarks, from Nagano\u2019s Zenko-ji to the hidden temples of Gifu. A region where mountains meet divine history.\" \/>\n<meta name=\"robots\" content=\"index, follow, max-snippet:-1, max-image-preview:large, max-video-preview:-1\" \/>\n<link rel=\"canonical\" href=\"https:\/\/omamorispirit.com\/en\/shrines-temples\/chubu\/\" \/>\n<meta property=\"og:locale\" content=\"en_US\" \/>\n<meta property=\"og:type\" content=\"article\" \/>\n<meta property=\"og:title\" content=\"Chubu Temples &amp; Shrines, Japan\u2019s Heartland of Faith and Tradition\" \/>\n<meta property=\"og:description\" content=\"Journey through Chubu\u2019s spiritual landmarks, from Nagano\u2019s Zenko-ji to the hidden temples of Gifu. A region where mountains meet divine history.\" \/>\n<meta property=\"og:url\" content=\"https:\/\/omamorispirit.com\/en\/shrines-temples\/chubu\/\" \/>\n<meta property=\"og:site_name\" content=\"Omamori Spirit\" \/>\n<meta property=\"article:modified_time\" content=\"2025-11-02T06:11:54+00:00\" \/>\n<meta property=\"og:image\" content=\"https:\/\/omamorispirit.com\/wp-content\/uploads\/2025\/11\/Ise-jingu-Shrine.jpeg\" \/>\n<meta name=\"twitter:card\" content=\"summary_large_image\" \/>\n<meta name=\"twitter:label1\" content=\"Est. reading time\" \/>\n\t<meta name=\"twitter:data1\" content=\"1 minute\" \/>\n<script type=\"application\/ld+json\" class=\"yoast-schema-graph\">{\"@context\":\"https:\\\/\\\/schema.org\",\"@graph\":[{\"@type\":\"WebPage\",\"@id\":\"https:\\\/\\\/omamorispirit.com\\\/shrines-temples\\\/chubu\\\/\",\"url\":\"https:\\\/\\\/omamorispirit.com\\\/shrines-temples\\\/chubu\\\/\",\"name\":\"Chubu Temples & Shrines, Japan\u2019s Heartland of Faith and Tradition\",\"isPartOf\":{\"@id\":\"https:\\\/\\\/lemonchiffon-partridge-879114.hostingersite.com\\\/en\\\/#website\"},\"primaryImageOfPage\":{\"@id\":\"https:\\\/\\\/omamorispirit.com\\\/shrines-temples\\\/chubu\\\/#primaryimage\"},\"image\":{\"@id\":\"https:\\\/\\\/omamorispirit.com\\\/shrines-temples\\\/chubu\\\/#primaryimage\"},\"thumbnailUrl\":\"https:\\\/\\\/omamorispirit.com\\\/wp-content\\\/uploads\\\/2025\\\/11\\\/Ise-jingu-Shrine.jpeg\",\"datePublished\":\"2025-11-02T00:58:17+00:00\",\"dateModified\":\"2025-11-02T06:11:54+00:00\",\"description\":\"Journey through Chubu\u2019s spiritual landmarks, from Nagano\u2019s Zenko-ji to the hidden temples of Gifu. A region where mountains meet divine history.\",\"breadcrumb\":{\"@id\":\"https:\\\/\\\/omamorispirit.com\\\/shrines-temples\\\/chubu\\\/#breadcrumb\"},\"inLanguage\":\"en-US\",\"potentialAction\":[{\"@type\":\"ReadAction\",\"target\":[\"https:\\\/\\\/omamorispirit.com\\\/shrines-temples\\\/chubu\\\/\"]}]},{\"@type\":\"ImageObject\",\"inLanguage\":\"en-US\",\"@id\":\"https:\\\/\\\/omamorispirit.com\\\/shrines-temples\\\/chubu\\\/#primaryimage\",\"url\":\"https:\\\/\\\/omamorispirit.com\\\/wp-content\\\/uploads\\\/2025\\\/11\\\/Ise-jingu-Shrine.jpeg\",\"contentUrl\":\"https:\\\/\\\/omamorispirit.com\\\/wp-content\\\/uploads\\\/2025\\\/11\\\/Ise-jingu-Shrine.jpeg\"},{\"@type\":\"BreadcrumbList\",\"@id\":\"https:\\\/\\\/omamorispirit.com\\\/shrines-temples\\\/chubu\\\/#breadcrumb\",\"itemListElement\":[{\"@type\":\"ListItem\",\"position\":1,\"name\":\"Home\",\"item\":\"https:\\\/\\\/lemonchiffon-partridge-879114.hostingersite.com\\\/en\\\/\"},{\"@type\":\"ListItem\",\"position\":2,\"name\":\"Shrines and Temples\",\"item\":\"https:\\\/\\\/omamorispirit.com\\\/fr\\\/shrines-temples\\\/\"},{\"@type\":\"ListItem\",\"position\":3,\"name\":\"Chubu\"}]},{\"@type\":\"WebSite\",\"@id\":\"https:\\\/\\\/lemonchiffon-partridge-879114.hostingersite.com\\\/en\\\/#website\",\"url\":\"https:\\\/\\\/lemonchiffon-partridge-879114.hostingersite.com\\\/en\\\/\",\"name\":\"Omamori Spirit\",\"description\":\"Authentic Japanese amulets for modern life\",\"publisher\":{\"@id\":\"https:\\\/\\\/lemonchiffon-partridge-879114.hostingersite.com\\\/en\\\/#organization\"},\"potentialAction\":[{\"@type\":\"SearchAction\",\"target\":{\"@type\":\"EntryPoint\",\"urlTemplate\":\"https:\\\/\\\/lemonchiffon-partridge-879114.hostingersite.com\\\/en\\\/?s={search_term_string}\"},\"query-input\":{\"@type\":\"PropertyValueSpecification\",\"valueRequired\":true,\"valueName\":\"search_term_string\"}}],\"inLanguage\":\"en-US\"},{\"@type\":\"Organization\",\"@id\":\"https:\\\/\\\/lemonchiffon-partridge-879114.hostingersite.com\\\/en\\\/#organization\",\"name\":\"Omamori Spirit\",\"url\":\"https:\\\/\\\/lemonchiffon-partridge-879114.hostingersite.com\\\/en\\\/\",\"logo\":{\"@type\":\"ImageObject\",\"inLanguage\":\"en-US\",\"@id\":\"https:\\\/\\\/lemonchiffon-partridge-879114.hostingersite.com\\\/en\\\/#\\\/schema\\\/logo\\\/image\\\/\",\"url\":\"https:\\\/\\\/omamorispirit.com\\\/wp-content\\\/uploads\\\/2025\\\/09\\\/logo-omamori-spirit.png\",\"contentUrl\":\"https:\\\/\\\/omamorispirit.com\\\/wp-content\\\/uploads\\\/2025\\\/09\\\/logo-omamori-spirit.png\",\"width\":287,\"height\":277,\"caption\":\"Omamori Spirit\"},\"image\":{\"@id\":\"https:\\\/\\\/lemonchiffon-partridge-879114.hostingersite.com\\\/en\\\/#\\\/schema\\\/logo\\\/image\\\/\"}}]}<\/script>\n<!-- \/ Yoast SEO plugin. -->","yoast_head_json":{"title":"Chubu Temples & Shrines, Japan\u2019s Heartland of Faith and Tradition","description":"Journey through Chubu\u2019s spiritual landmarks, from Nagano\u2019s Zenko-ji to the hidden temples of Gifu. A region where mountains meet divine history.","robots":{"index":"index","follow":"follow","max-snippet":"max-snippet:-1","max-image-preview":"max-image-preview:large","max-video-preview":"max-video-preview:-1"},"canonical":"https:\/\/omamorispirit.com\/en\/shrines-temples\/chubu\/","og_locale":"en_US","og_type":"article","og_title":"Chubu Temples & Shrines, Japan\u2019s Heartland of Faith and Tradition","og_description":"Journey through Chubu\u2019s spiritual landmarks, from Nagano\u2019s Zenko-ji to the hidden temples of Gifu. A region where mountains meet divine history.","og_url":"https:\/\/omamorispirit.com\/en\/shrines-temples\/chubu\/","og_site_name":"Omamori Spirit","article_modified_time":"2025-11-02T06:11:54+00:00","og_image":[{"url":"https:\/\/omamorispirit.com\/wp-content\/uploads\/2025\/11\/Ise-jingu-Shrine.jpeg","type":"","width":"","height":""}],"twitter_card":"summary_large_image","twitter_misc":{"Est. reading time":"1 minute"},"schema":{"@context":"https:\/\/schema.org","@graph":[{"@type":"WebPage","@id":"https:\/\/omamorispirit.com\/shrines-temples\/chubu\/","url":"https:\/\/omamorispirit.com\/shrines-temples\/chubu\/","name":"Chubu Temples & Shrines, Japan\u2019s Heartland of Faith and Tradition","isPartOf":{"@id":"https:\/\/lemonchiffon-partridge-879114.hostingersite.com\/en\/#website"},"primaryImageOfPage":{"@id":"https:\/\/omamorispirit.com\/shrines-temples\/chubu\/#primaryimage"},"image":{"@id":"https:\/\/omamorispirit.com\/shrines-temples\/chubu\/#primaryimage"},"thumbnailUrl":"https:\/\/omamorispirit.com\/wp-content\/uploads\/2025\/11\/Ise-jingu-Shrine.jpeg","datePublished":"2025-11-02T00:58:17+00:00","dateModified":"2025-11-02T06:11:54+00:00","description":"Journey through Chubu\u2019s spiritual landmarks, from Nagano\u2019s Zenko-ji to the hidden temples of Gifu. A region where mountains meet divine history.","breadcrumb":{"@id":"https:\/\/omamorispirit.com\/shrines-temples\/chubu\/#breadcrumb"},"inLanguage":"en-US","potentialAction":[{"@type":"ReadAction","target":["https:\/\/omamorispirit.com\/shrines-temples\/chubu\/"]}]},{"@type":"ImageObject","inLanguage":"en-US","@id":"https:\/\/omamorispirit.com\/shrines-temples\/chubu\/#primaryimage","url":"https:\/\/omamorispirit.com\/wp-content\/uploads\/2025\/11\/Ise-jingu-Shrine.jpeg","contentUrl":"https:\/\/omamorispirit.com\/wp-content\/uploads\/2025\/11\/Ise-jingu-Shrine.jpeg"},{"@type":"BreadcrumbList","@id":"https:\/\/omamorispirit.com\/shrines-temples\/chubu\/#breadcrumb","itemListElement":[{"@type":"ListItem","position":1,"name":"Home","item":"https:\/\/lemonchiffon-partridge-879114.hostingersite.com\/en\/"},{"@type":"ListItem","position":2,"name":"Shrines and Temples","item":"https:\/\/omamorispirit.com\/fr\/shrines-temples\/"},{"@type":"ListItem","position":3,"name":"Chubu"}]},{"@type":"WebSite","@id":"https:\/\/lemonchiffon-partridge-879114.hostingersite.com\/en\/#website","url":"https:\/\/lemonchiffon-partridge-879114.hostingersite.com\/en\/","name":"Omamori Spirit","description":"Authentic Japanese amulets for modern life","publisher":{"@id":"https:\/\/lemonchiffon-partridge-879114.hostingersite.com\/en\/#organization"},"potentialAction":[{"@type":"SearchAction","target":{"@type":"EntryPoint","urlTemplate":"https:\/\/lemonchiffon-partridge-879114.hostingersite.com\/en\/?s={search_term_string}"},"query-input":{"@type":"PropertyValueSpecification","valueRequired":true,"valueName":"search_term_string"}}],"inLanguage":"en-US"},{"@type":"Organization","@id":"https:\/\/lemonchiffon-partridge-879114.hostingersite.com\/en\/#organization","name":"Omamori Spirit","url":"https:\/\/lemonchiffon-partridge-879114.hostingersite.com\/en\/","logo":{"@type":"ImageObject","inLanguage":"en-US","@id":"https:\/\/lemonchiffon-partridge-879114.hostingersite.com\/en\/#\/schema\/logo\/image\/","url":"https:\/\/omamorispirit.com\/wp-content\/uploads\/2025\/09\/logo-omamori-spirit.png","contentUrl":"https:\/\/omamorispirit.com\/wp-content\/uploads\/2025\/09\/logo-omamori-spirit.png","width":287,"height":277,"caption":"Omamori Spirit"},"image":{"@id":"https:\/\/lemonchiffon-partridge-879114.hostingersite.com\/en\/#\/schema\/logo\/image\/"}}]}},"_links":{"self":[{"href":"https:\/\/omamorispirit.com\/en\/wp-json\/wp\/v2\/pages\/1295","targetHints":{"allow":["GET"]}}],"collection":[{"href":"https:\/\/omamorispirit.com\/en\/wp-json\/wp\/v2\/pages"}],"about":[{"href":"https:\/\/omamorispirit.com\/en\/wp-json\/wp\/v2\/types\/page"}],"author":[{"embeddable":true,"href":"https:\/\/omamorispirit.com\/en\/wp-json\/wp\/v2\/users\/1"}],"replies":[{"embeddable":true,"href":"https:\/\/omamorispirit.com\/en\/wp-json\/wp\/v2\/comments?post=1295"}],"version-history":[{"count":26,"href":"https:\/\/omamorispirit.com\/en\/wp-json\/wp\/v2\/pages\/1295\/revisions"}],"predecessor-version":[{"id":1455,"href":"https:\/\/omamorispirit.com\/en\/wp-json\/wp\/v2\/pages\/1295\/revisions\/1455"}],"up":[{"embeddable":true,"href":"https:\/\/omamorispirit.com\/en\/wp-json\/wp\/v2\/pages\/1176"}],"wp:attachment":[{"href":"https:\/\/omamorispirit.com\/en\/wp-json\/wp\/v2\/media?parent=1295"}],"curies":[{"name":"wp","href":"https:\/\/api.w.org\/{rel}","templated":true}]}}