{"id":1081,"date":"2025-10-24T14:35:55","date_gmt":"2025-10-24T14:35:55","guid":{"rendered":"https:\/\/omamorispirit.com\/?post_type=product&#038;p=1081"},"modified":"2026-03-11T05:20:43","modified_gmt":"2026-03-11T05:20:43","slug":"shobai-hanjo-business-prosperity-charm-saijo-inari","status":"publish","type":"product","link":"https:\/\/omamorispirit.com\/en\/shop\/protection\/career-academics\/shobai-hanjo-business-prosperity-charm-saijo-inari\/","title":{"rendered":"Sh\u014dbai Hanj\u014d | Business Prosperity Charm | Saij\u014d-Inari"},"content":{"rendered":"<p class=\"p1\">This white omamori is an amulet from Saij\u014d Inari Shrine. It is <span class=\"s1\"><b>consecrated to bring prosperity to your business<\/b><\/span>, success in your ventures, and flourishing of your company.<\/p>\n<h3><b>Features &amp; Benefits<\/b><\/h3>\n<ul>\n<li>\n<p class=\"p1\">Designed for <span class=\"s1\"><b>business owners, entrepreneurs, and professionals<\/b><\/span> seeking financial luck and company growth.<\/p>\n<\/li>\n<li>\n<p class=\"p1\">Compact size makes it easy to carry in a bag or place in a loved one\u2019s home.<\/p>\n<\/li>\n<li>\n<p class=\"p1\">Conveys a heartfelt prayer from Saij\u014d-Inari temple for lasting happiness and relationship strength.<\/p>\n<\/li>\n<li>Represents the <span class=\"s1\"><b>temple\u2019s prayers and blessings<\/b><\/span> for commercial success.<\/li>\n<\/ul>\n<p>&nbsp;<\/p>\n<h3><b>Usage Instructions<\/b><\/h3>\n<ul>\n<li class=\"p1\">Each person keeps one amulet and may carry it in a purse, pocket or place it somewhere meaningful at home.<\/li>\n<li>\n<p class=\"p1\">Treat it respectfully, avoid discarding it carelessly or placing it somewhere unclean.<\/p>\n<\/li>\n<li>While this amulet provides spiritual support, <span class=\"s1\"><b>practical business effort is still essential<\/b><\/span>.<\/li>\n<\/ul>\n<p>&nbsp;<\/p>\n<h3><b>Why Choose This Couple\u2019s Amulet?<\/b><\/h3>\n<p class=\"p1\">In times when health concerns weigh heavy, this amulet serves as a gesture of hope and intention. Whether you\u2019re going through recovery or want to support someone who is, this item offers a thoughtful, tradition-based choice. It\u2019s about <i>meaning<\/i> more than mere decoration.<\/p>\n","protected":false},"excerpt":{"rendered":"<p>This white omamori is an amulet from Saij\u014d Inari Shrine. It is consecrated to bring prosperity to your business, success in your ventures, and flourishing of your company. Features &amp; Benefits Designed for business owners, entrepreneurs, and professionals seeking financial luck and company growth. Compact size makes it easy to carry in a bag or [&hellip;]<\/p>\n","protected":false},"featured_media":1241,"comment_status":"open","ping_status":"closed","template":"","meta":{"_acf_changed":false},"product_brand":[],"product_cat":[47,25],"product_tag":[128,129,39,49,38],"class_list":{"0":"post-1081","1":"product","2":"type-product","3":"status-publish","4":"has-post-thumbnail","6":"product_cat-career-academics","7":"product_cat-protection","8":"product_tag-buisness","9":"product_tag-company","10":"product_tag-gold","11":"product_tag-success","12":"product_tag-yellow","14":"first","15":"instock","16":"shipping-taxable","17":"purchasable","18":"product-type-simple"},"acf":[],"yoast_head":"<!-- This site is optimized with the Yoast SEO plugin v27.5 - https:\/\/yoast.com\/product\/yoast-seo-wordpress\/ -->\n<title>Sh\u014dbai Hanj\u014d | Business Prosperity Charm | Saij\u014d-Inari<\/title>\n<meta name=\"description\" content=\"Authentic Japanese omamori from Kamakura Hasedera Temple. Prayers for good health. Perfect spiritual amulet to carry with you.\" \/>\n<meta name=\"robots\" content=\"index, follow, max-snippet:-1, max-image-preview:large, max-video-preview:-1\" \/>\n<link rel=\"canonical\" href=\"https:\/\/omamorispirit.com\/en\/shop\/protection\/career-academics\/shobai-hanjo-business-prosperity-charm-saijo-inari\/\" \/>\n<meta property=\"og:locale\" content=\"en_US\" \/>\n<meta property=\"og:type\" content=\"article\" \/>\n<meta property=\"og:title\" content=\"Sh\u014dbai Hanj\u014d | Business Prosperity Charm | Saij\u014d-Inari\" \/>\n<meta property=\"og:description\" content=\"Authentic Japanese omamori from Kamakura Hasedera Temple. Prayers for good health. Perfect spiritual amulet to carry with you.\" \/>\n<meta property=\"og:url\" content=\"https:\/\/omamorispirit.com\/en\/shop\/protection\/career-academics\/shobai-hanjo-business-prosperity-charm-saijo-inari\/\" \/>\n<meta property=\"og:site_name\" content=\"Omamori Spirit\" \/>\n<meta property=\"article:modified_time\" content=\"2026-03-11T05:20:43+00:00\" \/>\n<meta property=\"og:image\" content=\"https:\/\/omamorispirit.com\/wp-content\/uploads\/2025\/10\/add-the-yellow-rope.png\" \/>\n\t<meta property=\"og:image:width\" content=\"2000\" \/>\n\t<meta property=\"og:image:height\" content=\"2000\" \/>\n\t<meta property=\"og:image:type\" content=\"image\/png\" \/>\n<meta name=\"twitter:card\" content=\"summary_large_image\" \/>\n<meta name=\"twitter:label1\" content=\"Est. reading time\" \/>\n\t<meta name=\"twitter:data1\" content=\"1 minute\" \/>\n<script type=\"application\/ld+json\" class=\"yoast-schema-graph\">{\"@context\":\"https:\\\/\\\/schema.org\",\"@graph\":[{\"@type\":\"WebPage\",\"@id\":\"https:\\\/\\\/omamorispirit.com\\\/shop\\\/protection\\\/career-academics\\\/shobai-hanjo-business-prosperity-charm-saijo-inari\\\/\",\"url\":\"https:\\\/\\\/omamorispirit.com\\\/shop\\\/protection\\\/career-academics\\\/shobai-hanjo-business-prosperity-charm-saijo-inari\\\/\",\"name\":\"Sh\u014dbai Hanj\u014d | Business Prosperity Charm | Saij\u014d-Inari\",\"isPartOf\":{\"@id\":\"https:\\\/\\\/lemonchiffon-partridge-879114.hostingersite.com\\\/en\\\/#website\"},\"primaryImageOfPage\":{\"@id\":\"https:\\\/\\\/omamorispirit.com\\\/shop\\\/protection\\\/career-academics\\\/shobai-hanjo-business-prosperity-charm-saijo-inari\\\/#primaryimage\"},\"image\":{\"@id\":\"https:\\\/\\\/omamorispirit.com\\\/shop\\\/protection\\\/career-academics\\\/shobai-hanjo-business-prosperity-charm-saijo-inari\\\/#primaryimage\"},\"thumbnailUrl\":\"https:\\\/\\\/omamorispirit.com\\\/wp-content\\\/uploads\\\/2025\\\/10\\\/add-the-yellow-rope.png\",\"datePublished\":\"2025-10-24T14:35:55+00:00\",\"dateModified\":\"2026-03-11T05:20:43+00:00\",\"description\":\"Authentic Japanese omamori from Kamakura Hasedera Temple. Prayers for good health. Perfect spiritual amulet to carry with you.\",\"breadcrumb\":{\"@id\":\"https:\\\/\\\/omamorispirit.com\\\/shop\\\/protection\\\/career-academics\\\/shobai-hanjo-business-prosperity-charm-saijo-inari\\\/#breadcrumb\"},\"inLanguage\":\"en-US\",\"potentialAction\":[{\"@type\":\"ReadAction\",\"target\":[\"https:\\\/\\\/omamorispirit.com\\\/shop\\\/protection\\\/career-academics\\\/shobai-hanjo-business-prosperity-charm-saijo-inari\\\/\"]}]},{\"@type\":\"ImageObject\",\"inLanguage\":\"en-US\",\"@id\":\"https:\\\/\\\/omamorispirit.com\\\/shop\\\/protection\\\/career-academics\\\/shobai-hanjo-business-prosperity-charm-saijo-inari\\\/#primaryimage\",\"url\":\"https:\\\/\\\/omamorispirit.com\\\/wp-content\\\/uploads\\\/2025\\\/10\\\/add-the-yellow-rope.png\",\"contentUrl\":\"https:\\\/\\\/omamorispirit.com\\\/wp-content\\\/uploads\\\/2025\\\/10\\\/add-the-yellow-rope.png\",\"width\":2000,\"height\":2000,\"caption\":\"Bright yellow Japanese Omamori with black illustration of Daikokuten, the god of wealth and fortune, with a matching yellow rope.\"},{\"@type\":\"BreadcrumbList\",\"@id\":\"https:\\\/\\\/omamorispirit.com\\\/shop\\\/protection\\\/career-academics\\\/shobai-hanjo-business-prosperity-charm-saijo-inari\\\/#breadcrumb\",\"itemListElement\":[{\"@type\":\"ListItem\",\"position\":1,\"name\":\"Home\",\"item\":\"https:\\\/\\\/lemonchiffon-partridge-879114.hostingersite.com\\\/en\\\/\"},{\"@type\":\"ListItem\",\"position\":2,\"name\":\"Shop\",\"item\":\"https:\\\/\\\/omamorispirit.com\\\/en\\\/shop\\\/\"},{\"@type\":\"ListItem\",\"position\":3,\"name\":\"Sh\u014dbai Hanj\u014d | Business Prosperity Charm | Saij\u014d-Inari\"}]},{\"@type\":\"WebSite\",\"@id\":\"https:\\\/\\\/lemonchiffon-partridge-879114.hostingersite.com\\\/en\\\/#website\",\"url\":\"https:\\\/\\\/lemonchiffon-partridge-879114.hostingersite.com\\\/en\\\/\",\"name\":\"Omamori Spirit\",\"description\":\"Authentic Japanese amulets for modern life\",\"publisher\":{\"@id\":\"https:\\\/\\\/lemonchiffon-partridge-879114.hostingersite.com\\\/en\\\/#organization\"},\"potentialAction\":[{\"@type\":\"SearchAction\",\"target\":{\"@type\":\"EntryPoint\",\"urlTemplate\":\"https:\\\/\\\/lemonchiffon-partridge-879114.hostingersite.com\\\/en\\\/?s={search_term_string}\"},\"query-input\":{\"@type\":\"PropertyValueSpecification\",\"valueRequired\":true,\"valueName\":\"search_term_string\"}}],\"inLanguage\":\"en-US\"},{\"@type\":\"Organization\",\"@id\":\"https:\\\/\\\/lemonchiffon-partridge-879114.hostingersite.com\\\/en\\\/#organization\",\"name\":\"Omamori Spirit\",\"url\":\"https:\\\/\\\/lemonchiffon-partridge-879114.hostingersite.com\\\/en\\\/\",\"logo\":{\"@type\":\"ImageObject\",\"inLanguage\":\"en-US\",\"@id\":\"https:\\\/\\\/lemonchiffon-partridge-879114.hostingersite.com\\\/en\\\/#\\\/schema\\\/logo\\\/image\\\/\",\"url\":\"https:\\\/\\\/omamorispirit.com\\\/wp-content\\\/uploads\\\/2025\\\/09\\\/logo-omamori-spirit.png\",\"contentUrl\":\"https:\\\/\\\/omamorispirit.com\\\/wp-content\\\/uploads\\\/2025\\\/09\\\/logo-omamori-spirit.png\",\"width\":287,\"height\":277,\"caption\":\"Omamori Spirit\"},\"image\":{\"@id\":\"https:\\\/\\\/lemonchiffon-partridge-879114.hostingersite.com\\\/en\\\/#\\\/schema\\\/logo\\\/image\\\/\"}}]}<\/script>\n<!-- \/ Yoast SEO plugin. -->","yoast_head_json":{"title":"Sh\u014dbai Hanj\u014d | Business Prosperity Charm | Saij\u014d-Inari","description":"Authentic Japanese omamori from Kamakura Hasedera Temple. Prayers for good health. Perfect spiritual amulet to carry with you.","robots":{"index":"index","follow":"follow","max-snippet":"max-snippet:-1","max-image-preview":"max-image-preview:large","max-video-preview":"max-video-preview:-1"},"canonical":"https:\/\/omamorispirit.com\/en\/shop\/protection\/career-academics\/shobai-hanjo-business-prosperity-charm-saijo-inari\/","og_locale":"en_US","og_type":"article","og_title":"Sh\u014dbai Hanj\u014d | Business Prosperity Charm | Saij\u014d-Inari","og_description":"Authentic Japanese omamori from Kamakura Hasedera Temple. Prayers for good health. Perfect spiritual amulet to carry with you.","og_url":"https:\/\/omamorispirit.com\/en\/shop\/protection\/career-academics\/shobai-hanjo-business-prosperity-charm-saijo-inari\/","og_site_name":"Omamori Spirit","article_modified_time":"2026-03-11T05:20:43+00:00","og_image":[{"width":2000,"height":2000,"url":"https:\/\/omamorispirit.com\/wp-content\/uploads\/2025\/10\/add-the-yellow-rope.png","type":"image\/png"}],"twitter_card":"summary_large_image","twitter_misc":{"Est. reading time":"1 minute"},"schema":{"@context":"https:\/\/schema.org","@graph":[{"@type":"WebPage","@id":"https:\/\/omamorispirit.com\/shop\/protection\/career-academics\/shobai-hanjo-business-prosperity-charm-saijo-inari\/","url":"https:\/\/omamorispirit.com\/shop\/protection\/career-academics\/shobai-hanjo-business-prosperity-charm-saijo-inari\/","name":"Sh\u014dbai Hanj\u014d | Business Prosperity Charm | Saij\u014d-Inari","isPartOf":{"@id":"https:\/\/lemonchiffon-partridge-879114.hostingersite.com\/en\/#website"},"primaryImageOfPage":{"@id":"https:\/\/omamorispirit.com\/shop\/protection\/career-academics\/shobai-hanjo-business-prosperity-charm-saijo-inari\/#primaryimage"},"image":{"@id":"https:\/\/omamorispirit.com\/shop\/protection\/career-academics\/shobai-hanjo-business-prosperity-charm-saijo-inari\/#primaryimage"},"thumbnailUrl":"https:\/\/omamorispirit.com\/wp-content\/uploads\/2025\/10\/add-the-yellow-rope.png","datePublished":"2025-10-24T14:35:55+00:00","dateModified":"2026-03-11T05:20:43+00:00","description":"Authentic Japanese omamori from Kamakura Hasedera Temple. Prayers for good health. Perfect spiritual amulet to carry with you.","breadcrumb":{"@id":"https:\/\/omamorispirit.com\/shop\/protection\/career-academics\/shobai-hanjo-business-prosperity-charm-saijo-inari\/#breadcrumb"},"inLanguage":"en-US","potentialAction":[{"@type":"ReadAction","target":["https:\/\/omamorispirit.com\/shop\/protection\/career-academics\/shobai-hanjo-business-prosperity-charm-saijo-inari\/"]}]},{"@type":"ImageObject","inLanguage":"en-US","@id":"https:\/\/omamorispirit.com\/shop\/protection\/career-academics\/shobai-hanjo-business-prosperity-charm-saijo-inari\/#primaryimage","url":"https:\/\/omamorispirit.com\/wp-content\/uploads\/2025\/10\/add-the-yellow-rope.png","contentUrl":"https:\/\/omamorispirit.com\/wp-content\/uploads\/2025\/10\/add-the-yellow-rope.png","width":2000,"height":2000,"caption":"Bright yellow Japanese Omamori with black illustration of Daikokuten, the god of wealth and fortune, with a matching yellow rope."},{"@type":"BreadcrumbList","@id":"https:\/\/omamorispirit.com\/shop\/protection\/career-academics\/shobai-hanjo-business-prosperity-charm-saijo-inari\/#breadcrumb","itemListElement":[{"@type":"ListItem","position":1,"name":"Home","item":"https:\/\/lemonchiffon-partridge-879114.hostingersite.com\/en\/"},{"@type":"ListItem","position":2,"name":"Shop","item":"https:\/\/omamorispirit.com\/en\/shop\/"},{"@type":"ListItem","position":3,"name":"Sh\u014dbai Hanj\u014d | Business Prosperity Charm | Saij\u014d-Inari"}]},{"@type":"WebSite","@id":"https:\/\/lemonchiffon-partridge-879114.hostingersite.com\/en\/#website","url":"https:\/\/lemonchiffon-partridge-879114.hostingersite.com\/en\/","name":"Omamori Spirit","description":"Authentic Japanese amulets for modern life","publisher":{"@id":"https:\/\/lemonchiffon-partridge-879114.hostingersite.com\/en\/#organization"},"potentialAction":[{"@type":"SearchAction","target":{"@type":"EntryPoint","urlTemplate":"https:\/\/lemonchiffon-partridge-879114.hostingersite.com\/en\/?s={search_term_string}"},"query-input":{"@type":"PropertyValueSpecification","valueRequired":true,"valueName":"search_term_string"}}],"inLanguage":"en-US"},{"@type":"Organization","@id":"https:\/\/lemonchiffon-partridge-879114.hostingersite.com\/en\/#organization","name":"Omamori Spirit","url":"https:\/\/lemonchiffon-partridge-879114.hostingersite.com\/en\/","logo":{"@type":"ImageObject","inLanguage":"en-US","@id":"https:\/\/lemonchiffon-partridge-879114.hostingersite.com\/en\/#\/schema\/logo\/image\/","url":"https:\/\/omamorispirit.com\/wp-content\/uploads\/2025\/09\/logo-omamori-spirit.png","contentUrl":"https:\/\/omamorispirit.com\/wp-content\/uploads\/2025\/09\/logo-omamori-spirit.png","width":287,"height":277,"caption":"Omamori Spirit"},"image":{"@id":"https:\/\/lemonchiffon-partridge-879114.hostingersite.com\/en\/#\/schema\/logo\/image\/"}}]}},"_links":{"self":[{"href":"https:\/\/omamorispirit.com\/en\/wp-json\/wp\/v2\/product\/1081","targetHints":{"allow":["GET"]}}],"collection":[{"href":"https:\/\/omamorispirit.com\/en\/wp-json\/wp\/v2\/product"}],"about":[{"href":"https:\/\/omamorispirit.com\/en\/wp-json\/wp\/v2\/types\/product"}],"replies":[{"embeddable":true,"href":"https:\/\/omamorispirit.com\/en\/wp-json\/wp\/v2\/comments?post=1081"}],"wp:featuredmedia":[{"embeddable":true,"href":"https:\/\/omamorispirit.com\/en\/wp-json\/wp\/v2\/media\/1241"}],"wp:attachment":[{"href":"https:\/\/omamorispirit.com\/en\/wp-json\/wp\/v2\/media?parent=1081"}],"wp:term":[{"taxonomy":"product_brand","embeddable":true,"href":"https:\/\/omamorispirit.com\/en\/wp-json\/wp\/v2\/product_brand?post=1081"},{"taxonomy":"product_cat","embeddable":true,"href":"https:\/\/omamorispirit.com\/en\/wp-json\/wp\/v2\/product_cat?post=1081"},{"taxonomy":"product_tag","embeddable":true,"href":"https:\/\/omamorispirit.com\/en\/wp-json\/wp\/v2\/product_tag?post=1081"}],"curies":[{"name":"wp","href":"https:\/\/api.w.org\/{rel}","templated":true}]}}