{"id":1080,"date":"2025-10-24T14:31:38","date_gmt":"2025-10-24T14:31:38","guid":{"rendered":"https:\/\/omamorispirit.com\/?post_type=product&#038;p=1080"},"modified":"2026-03-11T05:18:59","modified_gmt":"2026-03-11T05:18:59","slug":"byoki-heiyu-omamori-health-recovery-charm-saijo-inari","status":"publish","type":"product","link":"https:\/\/omamorispirit.com\/fr\/shop\/protection\/good-health\/byoki-heiyu-omamori-health-recovery-charm-saijo-inari\/","title":{"rendered":"By\u014dki Heiyu Omamori | Bonne sant\u00e9 | Saij\u014d-Inari"},"content":{"rendered":"<p class=\"p1\">This amulet is carefully consecrated so that the person possessing it may recover quickly from sickness or injury.<\/p>\n<h3><b>Features &amp; Benefits<\/b><\/h3>\n<p>Dedicated to health recovery and well-being: intended for those currently ill or injured.<\/p>\n<ul>\n<li>\n<p class=\"p1\">Compact size makes it easy to carry in a bag or place in a loved one\u2019s home.<\/p>\n<\/li>\n<li>\n<p class=\"p1\">Conveys a heartfelt prayer from Saij\u014d-Inari temple for lasting happiness and relationship strength.<\/p>\n<\/li>\n<li>A meaningful token, for yourself or to gift to someone you care about who is healing.<\/li>\n<\/ul>\n<p>&nbsp;<\/p>\n<h3><b>Usage Instructions<\/b><\/h3>\n<ul>\n<li class=\"p1\">Each person keeps one amulet and may carry it in a purse, pocket or place it somewhere meaningful at home.<\/li>\n<li>\n<p class=\"p1\">Treat it respectfully, avoid discarding it carelessly or placing it somewhere unclean.<\/p>\n<\/li>\n<li>It\u2019s a supportive object: it\u2019s best paired with ongoing attention to lifestyle, health habits, and mindful living.<\/li>\n<li>While it supports healing, it is <i>not<\/i> a substitute for medical attention, good habits, and care.<\/li>\n<\/ul>\n<p>&nbsp;<\/p>\n<h3><b>Why Choose This Health Amulet?<\/b><\/h3>\n<p class=\"p1\">In times when health concerns weigh heavy, this amulet serves as a gesture of hope and intention. Whether you\u2019re going through recovery or want to support someone who is, this item offers a thoughtful, tradition-based choice. It\u2019s about <i>meaning<\/i> more than mere decoration.<\/p>","protected":false},"excerpt":{"rendered":"<p>This amulet is carefully consecrated so that the person possessing it may recover quickly from sickness or injury. Features &amp; Benefits Dedicated to health recovery and well-being: intended for those currently ill or injured. Compact size makes it easy to carry in a bag or place in a loved one\u2019s home. Conveys a heartfelt prayer [&hellip;]<\/p>\n","protected":false},"featured_media":1252,"comment_status":"open","ping_status":"closed","template":"","meta":{"_acf_changed":false},"product_brand":[],"product_cat":[29,25],"product_tag":[102,126,127],"class_list":{"0":"post-1080","1":"product","2":"type-product","3":"status-publish","4":"has-post-thumbnail","6":"product_cat-good-health","7":"product_cat-protection","8":"product_tag-health","9":"product_tag-purple","10":"product_tag-violet","12":"first","13":"instock","14":"shipping-taxable","15":"purchasable","16":"product-type-simple"},"acf":[],"yoast_head":"<!-- This site is optimized with the Yoast SEO plugin v27.5 - https:\/\/yoast.com\/product\/yoast-seo-wordpress\/ -->\n<title>By\u014dki Heiyu Omamori | Health Recovery Charm | Saij\u014d-Inari<\/title>\n<meta name=\"description\" content=\"Authentic Japanese omamori from Kamakura Hasedera Temple. Prayers for good health. Perfect spiritual amulet to carry with you.\" \/>\n<meta name=\"robots\" content=\"index, follow, max-snippet:-1, max-image-preview:large, max-video-preview:-1\" \/>\n<link rel=\"canonical\" href=\"https:\/\/omamorispirit.com\/fr\/shop\/protection\/good-health\/byoki-heiyu-omamori-health-recovery-charm-saijo-inari\/\" \/>\n<meta property=\"og:locale\" content=\"fr_FR\" \/>\n<meta property=\"og:type\" content=\"article\" \/>\n<meta property=\"og:title\" content=\"By\u014dki Heiyu Omamori | Health Recovery Charm | Saij\u014d-Inari\" \/>\n<meta property=\"og:description\" content=\"Authentic Japanese omamori from Kamakura Hasedera Temple. Prayers for good health. Perfect spiritual amulet to carry with you.\" \/>\n<meta property=\"og:url\" content=\"https:\/\/omamorispirit.com\/fr\/shop\/protection\/good-health\/byoki-heiyu-omamori-health-recovery-charm-saijo-inari\/\" \/>\n<meta property=\"og:site_name\" content=\"Omamori Spirit\" \/>\n<meta property=\"article:modified_time\" content=\"2026-03-11T05:18:59+00:00\" \/>\n<meta property=\"og:image\" content=\"https:\/\/omamorispirit.com\/wp-content\/uploads\/2025\/10\/authentique-japanese-omamori-51.jpg-1024x1024.png\" \/>\n\t<meta property=\"og:image:width\" content=\"1024\" \/>\n\t<meta property=\"og:image:height\" content=\"1024\" \/>\n\t<meta property=\"og:image:type\" content=\"image\/png\" \/>\n<meta name=\"twitter:card\" content=\"summary_large_image\" \/>\n<meta name=\"twitter:label1\" content=\"Dur\u00e9e de lecture estim\u00e9e\" \/>\n\t<meta name=\"twitter:data1\" content=\"2 minutes\" \/>\n<script type=\"application\/ld+json\" class=\"yoast-schema-graph\">{\"@context\":\"https:\\\/\\\/schema.org\",\"@graph\":[{\"@type\":\"WebPage\",\"@id\":\"https:\\\/\\\/omamorispirit.com\\\/shop\\\/protection\\\/good-health\\\/byoki-heiyu-omamori-health-recovery-charm-saijo-inari\\\/\",\"url\":\"https:\\\/\\\/omamorispirit.com\\\/shop\\\/protection\\\/good-health\\\/byoki-heiyu-omamori-health-recovery-charm-saijo-inari\\\/\",\"name\":\"By\u014dki Heiyu Omamori | Health Recovery Charm | Saij\u014d-Inari\",\"isPartOf\":{\"@id\":\"https:\\\/\\\/lemonchiffon-partridge-879114.hostingersite.com\\\/en\\\/#website\"},\"primaryImageOfPage\":{\"@id\":\"https:\\\/\\\/omamorispirit.com\\\/shop\\\/protection\\\/good-health\\\/byoki-heiyu-omamori-health-recovery-charm-saijo-inari\\\/#primaryimage\"},\"image\":{\"@id\":\"https:\\\/\\\/omamorispirit.com\\\/shop\\\/protection\\\/good-health\\\/byoki-heiyu-omamori-health-recovery-charm-saijo-inari\\\/#primaryimage\"},\"thumbnailUrl\":\"https:\\\/\\\/omamorispirit.com\\\/wp-content\\\/uploads\\\/2025\\\/10\\\/authentique-japanese-omamori-51.jpg.png\",\"datePublished\":\"2025-10-24T14:31:38+00:00\",\"dateModified\":\"2026-03-11T05:18:59+00:00\",\"description\":\"Authentic Japanese omamori from Kamakura Hasedera Temple. Prayers for good health. Perfect spiritual amulet to carry with you.\",\"breadcrumb\":{\"@id\":\"https:\\\/\\\/omamorispirit.com\\\/shop\\\/protection\\\/good-health\\\/byoki-heiyu-omamori-health-recovery-charm-saijo-inari\\\/#breadcrumb\"},\"inLanguage\":\"fr-FR\",\"potentialAction\":[{\"@type\":\"ReadAction\",\"target\":[\"https:\\\/\\\/omamorispirit.com\\\/shop\\\/protection\\\/good-health\\\/byoki-heiyu-omamori-health-recovery-charm-saijo-inari\\\/\"]}]},{\"@type\":\"ImageObject\",\"inLanguage\":\"fr-FR\",\"@id\":\"https:\\\/\\\/omamorispirit.com\\\/shop\\\/protection\\\/good-health\\\/byoki-heiyu-omamori-health-recovery-charm-saijo-inari\\\/#primaryimage\",\"url\":\"https:\\\/\\\/omamorispirit.com\\\/wp-content\\\/uploads\\\/2025\\\/10\\\/authentique-japanese-omamori-51.jpg.png\",\"contentUrl\":\"https:\\\/\\\/omamorispirit.com\\\/wp-content\\\/uploads\\\/2025\\\/10\\\/authentique-japanese-omamori-51.jpg.png\",\"width\":2000,\"height\":2000},{\"@type\":\"BreadcrumbList\",\"@id\":\"https:\\\/\\\/omamorispirit.com\\\/shop\\\/protection\\\/good-health\\\/byoki-heiyu-omamori-health-recovery-charm-saijo-inari\\\/#breadcrumb\",\"itemListElement\":[{\"@type\":\"ListItem\",\"position\":1,\"name\":\"Home\",\"item\":\"https:\\\/\\\/lemonchiffon-partridge-879114.hostingersite.com\\\/en\\\/\"},{\"@type\":\"ListItem\",\"position\":2,\"name\":\"Shop\",\"item\":\"https:\\\/\\\/omamorispirit.com\\\/en\\\/shop\\\/\"},{\"@type\":\"ListItem\",\"position\":3,\"name\":\"By\u014dki Heiyu Omamori | Health Recovery Charm | Saij\u014d-Inari\"}]},{\"@type\":\"WebSite\",\"@id\":\"https:\\\/\\\/lemonchiffon-partridge-879114.hostingersite.com\\\/en\\\/#website\",\"url\":\"https:\\\/\\\/lemonchiffon-partridge-879114.hostingersite.com\\\/en\\\/\",\"name\":\"Omamori Spirit\",\"description\":\"Authentic Japanese amulets for modern life\",\"publisher\":{\"@id\":\"https:\\\/\\\/lemonchiffon-partridge-879114.hostingersite.com\\\/en\\\/#organization\"},\"potentialAction\":[{\"@type\":\"SearchAction\",\"target\":{\"@type\":\"EntryPoint\",\"urlTemplate\":\"https:\\\/\\\/lemonchiffon-partridge-879114.hostingersite.com\\\/en\\\/?s={search_term_string}\"},\"query-input\":{\"@type\":\"PropertyValueSpecification\",\"valueRequired\":true,\"valueName\":\"search_term_string\"}}],\"inLanguage\":\"fr-FR\"},{\"@type\":\"Organization\",\"@id\":\"https:\\\/\\\/lemonchiffon-partridge-879114.hostingersite.com\\\/en\\\/#organization\",\"name\":\"Omamori Spirit\",\"url\":\"https:\\\/\\\/lemonchiffon-partridge-879114.hostingersite.com\\\/en\\\/\",\"logo\":{\"@type\":\"ImageObject\",\"inLanguage\":\"fr-FR\",\"@id\":\"https:\\\/\\\/lemonchiffon-partridge-879114.hostingersite.com\\\/en\\\/#\\\/schema\\\/logo\\\/image\\\/\",\"url\":\"https:\\\/\\\/omamorispirit.com\\\/wp-content\\\/uploads\\\/2025\\\/09\\\/logo-omamori-spirit.png\",\"contentUrl\":\"https:\\\/\\\/omamorispirit.com\\\/wp-content\\\/uploads\\\/2025\\\/09\\\/logo-omamori-spirit.png\",\"width\":287,\"height\":277,\"caption\":\"Omamori Spirit\"},\"image\":{\"@id\":\"https:\\\/\\\/lemonchiffon-partridge-879114.hostingersite.com\\\/en\\\/#\\\/schema\\\/logo\\\/image\\\/\"}}]}<\/script>\n<!-- \/ Yoast SEO plugin. -->","yoast_head_json":{"title":"By\u014dki Heiyu Omamori | Bonne sant\u00e9 | Saij\u014d-Inari","description":"Authentic Japanese omamori from Kamakura Hasedera Temple. Prayers for good health. Perfect spiritual amulet to carry with you.","robots":{"index":"index","follow":"follow","max-snippet":"max-snippet:-1","max-image-preview":"max-image-preview:large","max-video-preview":"max-video-preview:-1"},"canonical":"https:\/\/omamorispirit.com\/fr\/shop\/protection\/good-health\/byoki-heiyu-omamori-health-recovery-charm-saijo-inari\/","og_locale":"fr_FR","og_type":"article","og_title":"By\u014dki Heiyu Omamori | Health Recovery Charm | Saij\u014d-Inari","og_description":"Authentic Japanese omamori from Kamakura Hasedera Temple. Prayers for good health. Perfect spiritual amulet to carry with you.","og_url":"https:\/\/omamorispirit.com\/fr\/shop\/protection\/good-health\/byoki-heiyu-omamori-health-recovery-charm-saijo-inari\/","og_site_name":"Omamori Spirit","article_modified_time":"2026-03-11T05:18:59+00:00","og_image":[{"width":1024,"height":1024,"url":"https:\/\/omamorispirit.com\/wp-content\/uploads\/2025\/10\/authentique-japanese-omamori-51.jpg-1024x1024.png","type":"image\/png"}],"twitter_card":"summary_large_image","twitter_misc":{"Dur\u00e9e de lecture estim\u00e9e":"2 minutes"},"schema":{"@context":"https:\/\/schema.org","@graph":[{"@type":"WebPage","@id":"https:\/\/omamorispirit.com\/shop\/protection\/good-health\/byoki-heiyu-omamori-health-recovery-charm-saijo-inari\/","url":"https:\/\/omamorispirit.com\/shop\/protection\/good-health\/byoki-heiyu-omamori-health-recovery-charm-saijo-inari\/","name":"By\u014dki Heiyu Omamori | Bonne sant\u00e9 | Saij\u014d-Inari","isPartOf":{"@id":"https:\/\/lemonchiffon-partridge-879114.hostingersite.com\/en\/#website"},"primaryImageOfPage":{"@id":"https:\/\/omamorispirit.com\/shop\/protection\/good-health\/byoki-heiyu-omamori-health-recovery-charm-saijo-inari\/#primaryimage"},"image":{"@id":"https:\/\/omamorispirit.com\/shop\/protection\/good-health\/byoki-heiyu-omamori-health-recovery-charm-saijo-inari\/#primaryimage"},"thumbnailUrl":"https:\/\/omamorispirit.com\/wp-content\/uploads\/2025\/10\/authentique-japanese-omamori-51.jpg.png","datePublished":"2025-10-24T14:31:38+00:00","dateModified":"2026-03-11T05:18:59+00:00","description":"Authentic Japanese omamori from Kamakura Hasedera Temple. Prayers for good health. Perfect spiritual amulet to carry with you.","breadcrumb":{"@id":"https:\/\/omamorispirit.com\/shop\/protection\/good-health\/byoki-heiyu-omamori-health-recovery-charm-saijo-inari\/#breadcrumb"},"inLanguage":"fr-FR","potentialAction":[{"@type":"ReadAction","target":["https:\/\/omamorispirit.com\/shop\/protection\/good-health\/byoki-heiyu-omamori-health-recovery-charm-saijo-inari\/"]}]},{"@type":"ImageObject","inLanguage":"fr-FR","@id":"https:\/\/omamorispirit.com\/shop\/protection\/good-health\/byoki-heiyu-omamori-health-recovery-charm-saijo-inari\/#primaryimage","url":"https:\/\/omamorispirit.com\/wp-content\/uploads\/2025\/10\/authentique-japanese-omamori-51.jpg.png","contentUrl":"https:\/\/omamorispirit.com\/wp-content\/uploads\/2025\/10\/authentique-japanese-omamori-51.jpg.png","width":2000,"height":2000},{"@type":"BreadcrumbList","@id":"https:\/\/omamorispirit.com\/shop\/protection\/good-health\/byoki-heiyu-omamori-health-recovery-charm-saijo-inari\/#breadcrumb","itemListElement":[{"@type":"ListItem","position":1,"name":"Home","item":"https:\/\/lemonchiffon-partridge-879114.hostingersite.com\/en\/"},{"@type":"ListItem","position":2,"name":"Shop","item":"https:\/\/omamorispirit.com\/en\/shop\/"},{"@type":"ListItem","position":3,"name":"By\u014dki Heiyu Omamori | Health Recovery Charm | Saij\u014d-Inari"}]},{"@type":"WebSite","@id":"https:\/\/lemonchiffon-partridge-879114.hostingersite.com\/en\/#website","url":"https:\/\/lemonchiffon-partridge-879114.hostingersite.com\/en\/","name":"Omamori Spirit","description":"Authentic Japanese amulets for modern life","publisher":{"@id":"https:\/\/lemonchiffon-partridge-879114.hostingersite.com\/en\/#organization"},"potentialAction":[{"@type":"SearchAction","target":{"@type":"EntryPoint","urlTemplate":"https:\/\/lemonchiffon-partridge-879114.hostingersite.com\/en\/?s={search_term_string}"},"query-input":{"@type":"PropertyValueSpecification","valueRequired":true,"valueName":"search_term_string"}}],"inLanguage":"fr-FR"},{"@type":"Organization","@id":"https:\/\/lemonchiffon-partridge-879114.hostingersite.com\/en\/#organization","name":"Omamori Spirit","url":"https:\/\/lemonchiffon-partridge-879114.hostingersite.com\/en\/","logo":{"@type":"ImageObject","inLanguage":"fr-FR","@id":"https:\/\/lemonchiffon-partridge-879114.hostingersite.com\/en\/#\/schema\/logo\/image\/","url":"https:\/\/omamorispirit.com\/wp-content\/uploads\/2025\/09\/logo-omamori-spirit.png","contentUrl":"https:\/\/omamorispirit.com\/wp-content\/uploads\/2025\/09\/logo-omamori-spirit.png","width":287,"height":277,"caption":"Omamori Spirit"},"image":{"@id":"https:\/\/lemonchiffon-partridge-879114.hostingersite.com\/en\/#\/schema\/logo\/image\/"}}]}},"_links":{"self":[{"href":"https:\/\/omamorispirit.com\/fr\/wp-json\/wp\/v2\/product\/1080","targetHints":{"allow":["GET"]}}],"collection":[{"href":"https:\/\/omamorispirit.com\/fr\/wp-json\/wp\/v2\/product"}],"about":[{"href":"https:\/\/omamorispirit.com\/fr\/wp-json\/wp\/v2\/types\/product"}],"replies":[{"embeddable":true,"href":"https:\/\/omamorispirit.com\/fr\/wp-json\/wp\/v2\/comments?post=1080"}],"wp:featuredmedia":[{"embeddable":true,"href":"https:\/\/omamorispirit.com\/fr\/wp-json\/wp\/v2\/media\/1252"}],"wp:attachment":[{"href":"https:\/\/omamorispirit.com\/fr\/wp-json\/wp\/v2\/media?parent=1080"}],"wp:term":[{"taxonomy":"product_brand","embeddable":true,"href":"https:\/\/omamorispirit.com\/fr\/wp-json\/wp\/v2\/product_brand?post=1080"},{"taxonomy":"product_cat","embeddable":true,"href":"https:\/\/omamorispirit.com\/fr\/wp-json\/wp\/v2\/product_cat?post=1080"},{"taxonomy":"product_tag","embeddable":true,"href":"https:\/\/omamorispirit.com\/fr\/wp-json\/wp\/v2\/product_tag?post=1080"}],"curies":[{"name":"wp","href":"https:\/\/api.w.org\/{rel}","templated":true}]}}