{"id":305,"date":"2025-08-31T04:03:42","date_gmt":"2025-08-31T04:03:42","guid":{"rendered":"https:\/\/omamorispirit.com\/?post_type=product&#038;p=305"},"modified":"2025-09-28T04:48:59","modified_gmt":"2025-09-28T04:48:59","slug":"hada-omamori-health-charm-sensoji-temple","status":"publish","type":"product","link":"https:\/\/omamorispirit.com\/fr\/shop\/protection\/good-health\/hada-omamori-health-charm-sensoji-temple\/","title":{"rendered":"HADA OMAMORI | HEALTH CHARM | SENSOJI TEMPLE"},"content":{"rendered":"<p class=\"translation-block\">Accorder la priorit\u00e9 \u00e0 la sant\u00e9 est important pour tout le monde. <span class=\"citation-3\">Le <\/span><b><span class=\"citation-3\">Hada-mamori<\/span><\/b><span class=\"citation-3\"> est un <b>omamori<\/b> sp\u00e9cial <\/span><span class=\"citation-3 citation-end-3\"> con\u00e7u pour vous apporter les b\u00e9n\u00e9dictions protectrices du Bodhisattva Kannon, vous aidant \u00e0 vivre une vie saine. Ce <b>charme<\/b> petit mais puissant est parfait pour toute personne souhaitant maintenir une bonne sant\u00e9 ou esp\u00e9rant un r\u00e9tablissement apr\u00e8s une maladie. Il sert de rappel constant du bien-\u00eatre et du soutien spirituel.<\/span><\/p>\n<p class=\"translation-block\">Cette <b>amulette<\/b> comporte un talisman en papier joliment d\u00e9cor\u00e9 avec une broderie portant l\u2019inscription \u00ab Asakusa Kannon Go-mamori \u00bb. Pour garantir sa long\u00e9vit\u00e9 et sa protection, le <b>charme<\/b> est plac\u00e9 dans une pochette en vinyle transparente. Cette protection emp\u00eache les dommages lorsque vous le transportez dans votre portefeuille, sac ou sac \u00e0 main. Mesurant seulement 6,5 cm de longueur et 3 cm de largeur, c\u2019est l\u2019un des plus petits <b>charms<\/b> disponibles au temple Sensoji. Vous pouvez choisir entre deux couleurs de broderie \u00e9l\u00e9gantes : un vermillon vif (rouge-orange) ou un vert serein, selon votre pr\u00e9f\u00e9rence.<\/p>\n<div class=\"source-inline-chip-container ng-star-inserted\"><\/div>","protected":false},"excerpt":{"rendered":"<p>Prioritizing health is important for everyone. The Hada-mamori is a special omamori designed to bring you the protective blessings of Kannon Bodhisattva, helping you to live a healthy life. This small yet powerful charm is perfect for anyone seeking to maintain good health or hoping for recovery from illness. It serves as a constant reminder [&hellip;]<\/p>\n","protected":false},"featured_media":290,"comment_status":"open","ping_status":"closed","template":"","meta":{"_acf_changed":false},"product_brand":[],"product_cat":[29,25],"product_tag":[45,46],"class_list":{"0":"post-305","1":"product","2":"type-product","3":"status-publish","4":"has-post-thumbnail","6":"product_cat-good-health","7":"product_cat-protection","8":"product_tag-childbirth","9":"product_tag-white","11":"first","12":"instock","13":"shipping-taxable","14":"purchasable","15":"product-type-variable"},"acf":[],"yoast_head":"<!-- This site is optimized with the Yoast SEO plugin v27.5 - https:\/\/yoast.com\/product\/yoast-seo-wordpress\/ -->\n<title>HADA OMAMORI | HEALTH CHARM | SENSOJI TEMPLE<\/title>\n<meta name=\"description\" content=\"Authentic Japanese omamori from Tokyo Asakusa Sensoji Temple. Prayers for good health. Perfect spiritual amulet to carry with you.\" \/>\n<meta name=\"robots\" content=\"index, follow, max-snippet:-1, max-image-preview:large, max-video-preview:-1\" \/>\n<link rel=\"canonical\" href=\"https:\/\/omamorispirit.com\/fr\/shop\/protection\/good-health\/hada-omamori-health-charm-sensoji-temple\/\" \/>\n<meta property=\"og:locale\" content=\"fr_FR\" \/>\n<meta property=\"og:type\" content=\"article\" \/>\n<meta property=\"og:title\" content=\"HADA OMAMORI | HEALTH CHARM | SENSOJI TEMPLE\" \/>\n<meta property=\"og:description\" content=\"Authentic Japanese omamori from Tokyo Asakusa Sensoji Temple. Prayers for good health. Perfect spiritual amulet to carry with you.\" \/>\n<meta property=\"og:url\" content=\"https:\/\/omamorispirit.com\/fr\/shop\/protection\/good-health\/hada-omamori-health-charm-sensoji-temple\/\" \/>\n<meta property=\"og:site_name\" content=\"Omamori Spirit\" \/>\n<meta property=\"article:modified_time\" content=\"2025-09-28T04:48:59+00:00\" \/>\n<meta property=\"og:image\" content=\"https:\/\/omamorispirit.com\/wp-content\/uploads\/2025\/08\/Skin-Protection-Omamori-Red.webp\" \/>\n\t<meta property=\"og:image:width\" content=\"550\" \/>\n\t<meta property=\"og:image:height\" content=\"550\" \/>\n\t<meta property=\"og:image:type\" content=\"image\/webp\" \/>\n<meta name=\"twitter:card\" content=\"summary_large_image\" \/>\n<meta name=\"twitter:label1\" content=\"Dur\u00e9e de lecture estim\u00e9e\" \/>\n\t<meta name=\"twitter:data1\" content=\"1 minute\" \/>\n<script type=\"application\/ld+json\" class=\"yoast-schema-graph\">{\"@context\":\"https:\\\/\\\/schema.org\",\"@graph\":[{\"@type\":\"WebPage\",\"@id\":\"https:\\\/\\\/omamorispirit.com\\\/shop\\\/protection\\\/good-health\\\/hada-omamori-health-charm-sensoji-temple\\\/\",\"url\":\"https:\\\/\\\/omamorispirit.com\\\/shop\\\/protection\\\/good-health\\\/hada-omamori-health-charm-sensoji-temple\\\/\",\"name\":\"HADA OMAMORI | HEALTH CHARM | SENSOJI TEMPLE\",\"isPartOf\":{\"@id\":\"https:\\\/\\\/lemonchiffon-partridge-879114.hostingersite.com\\\/en\\\/#website\"},\"primaryImageOfPage\":{\"@id\":\"https:\\\/\\\/omamorispirit.com\\\/shop\\\/protection\\\/good-health\\\/hada-omamori-health-charm-sensoji-temple\\\/#primaryimage\"},\"image\":{\"@id\":\"https:\\\/\\\/omamorispirit.com\\\/shop\\\/protection\\\/good-health\\\/hada-omamori-health-charm-sensoji-temple\\\/#primaryimage\"},\"thumbnailUrl\":\"https:\\\/\\\/omamorispirit.com\\\/wp-content\\\/uploads\\\/2025\\\/08\\\/Skin-Protection-Omamori-Red.webp\",\"datePublished\":\"2025-08-31T04:03:42+00:00\",\"dateModified\":\"2025-09-28T04:48:59+00:00\",\"description\":\"Authentic Japanese omamori from Tokyo Asakusa Sensoji Temple. Prayers for good health. Perfect spiritual amulet to carry with you.\",\"breadcrumb\":{\"@id\":\"https:\\\/\\\/omamorispirit.com\\\/shop\\\/protection\\\/good-health\\\/hada-omamori-health-charm-sensoji-temple\\\/#breadcrumb\"},\"inLanguage\":\"fr-FR\",\"potentialAction\":[{\"@type\":\"ReadAction\",\"target\":[\"https:\\\/\\\/omamorispirit.com\\\/shop\\\/protection\\\/good-health\\\/hada-omamori-health-charm-sensoji-temple\\\/\"]}]},{\"@type\":\"ImageObject\",\"inLanguage\":\"fr-FR\",\"@id\":\"https:\\\/\\\/omamorispirit.com\\\/shop\\\/protection\\\/good-health\\\/hada-omamori-health-charm-sensoji-temple\\\/#primaryimage\",\"url\":\"https:\\\/\\\/omamorispirit.com\\\/wp-content\\\/uploads\\\/2025\\\/08\\\/Skin-Protection-Omamori-Red.webp\",\"contentUrl\":\"https:\\\/\\\/omamorispirit.com\\\/wp-content\\\/uploads\\\/2025\\\/08\\\/Skin-Protection-Omamori-Red.webp\",\"width\":550,\"height\":550,\"caption\":\"A small, rectangular Japanese omamori charm in a clear plastic sleeve. The charm inside features a green fabric with a subtle pattern and a white central panel with black and red Japanese characters. A purple string is attached at the top.\"},{\"@type\":\"BreadcrumbList\",\"@id\":\"https:\\\/\\\/omamorispirit.com\\\/shop\\\/protection\\\/good-health\\\/hada-omamori-health-charm-sensoji-temple\\\/#breadcrumb\",\"itemListElement\":[{\"@type\":\"ListItem\",\"position\":1,\"name\":\"Home\",\"item\":\"https:\\\/\\\/lemonchiffon-partridge-879114.hostingersite.com\\\/en\\\/\"},{\"@type\":\"ListItem\",\"position\":2,\"name\":\"Shop\",\"item\":\"https:\\\/\\\/omamorispirit.com\\\/en\\\/shop\\\/\"},{\"@type\":\"ListItem\",\"position\":3,\"name\":\"HADA OMAMORI | HEALTH CHARM | SENSOJI TEMPLE\"}]},{\"@type\":\"WebSite\",\"@id\":\"https:\\\/\\\/lemonchiffon-partridge-879114.hostingersite.com\\\/en\\\/#website\",\"url\":\"https:\\\/\\\/lemonchiffon-partridge-879114.hostingersite.com\\\/en\\\/\",\"name\":\"Omamori Spirit\",\"description\":\"Authentic Japanese amulets for modern life\",\"publisher\":{\"@id\":\"https:\\\/\\\/lemonchiffon-partridge-879114.hostingersite.com\\\/en\\\/#organization\"},\"potentialAction\":[{\"@type\":\"SearchAction\",\"target\":{\"@type\":\"EntryPoint\",\"urlTemplate\":\"https:\\\/\\\/lemonchiffon-partridge-879114.hostingersite.com\\\/en\\\/?s={search_term_string}\"},\"query-input\":{\"@type\":\"PropertyValueSpecification\",\"valueRequired\":true,\"valueName\":\"search_term_string\"}}],\"inLanguage\":\"fr-FR\"},{\"@type\":\"Organization\",\"@id\":\"https:\\\/\\\/lemonchiffon-partridge-879114.hostingersite.com\\\/en\\\/#organization\",\"name\":\"Omamori Spirit\",\"url\":\"https:\\\/\\\/lemonchiffon-partridge-879114.hostingersite.com\\\/en\\\/\",\"logo\":{\"@type\":\"ImageObject\",\"inLanguage\":\"fr-FR\",\"@id\":\"https:\\\/\\\/lemonchiffon-partridge-879114.hostingersite.com\\\/en\\\/#\\\/schema\\\/logo\\\/image\\\/\",\"url\":\"https:\\\/\\\/omamorispirit.com\\\/wp-content\\\/uploads\\\/2025\\\/09\\\/logo-omamori-spirit.png\",\"contentUrl\":\"https:\\\/\\\/omamorispirit.com\\\/wp-content\\\/uploads\\\/2025\\\/09\\\/logo-omamori-spirit.png\",\"width\":287,\"height\":277,\"caption\":\"Omamori Spirit\"},\"image\":{\"@id\":\"https:\\\/\\\/lemonchiffon-partridge-879114.hostingersite.com\\\/en\\\/#\\\/schema\\\/logo\\\/image\\\/\"}}]}<\/script>\n<!-- \/ Yoast SEO plugin. -->","yoast_head_json":{"title":"HADA OMAMORI | HEALTH CHARM | SENSOJI TEMPLE","description":"Authentic Japanese omamori from Tokyo Asakusa Sensoji Temple. Prayers for good health. Perfect spiritual amulet to carry with you.","robots":{"index":"index","follow":"follow","max-snippet":"max-snippet:-1","max-image-preview":"max-image-preview:large","max-video-preview":"max-video-preview:-1"},"canonical":"https:\/\/omamorispirit.com\/fr\/shop\/protection\/good-health\/hada-omamori-health-charm-sensoji-temple\/","og_locale":"fr_FR","og_type":"article","og_title":"HADA OMAMORI | HEALTH CHARM | SENSOJI TEMPLE","og_description":"Authentic Japanese omamori from Tokyo Asakusa Sensoji Temple. Prayers for good health. Perfect spiritual amulet to carry with you.","og_url":"https:\/\/omamorispirit.com\/fr\/shop\/protection\/good-health\/hada-omamori-health-charm-sensoji-temple\/","og_site_name":"Omamori Spirit","article_modified_time":"2025-09-28T04:48:59+00:00","og_image":[{"width":550,"height":550,"url":"https:\/\/omamorispirit.com\/wp-content\/uploads\/2025\/08\/Skin-Protection-Omamori-Red.webp","type":"image\/webp"}],"twitter_card":"summary_large_image","twitter_misc":{"Dur\u00e9e de lecture estim\u00e9e":"1 minute"},"schema":{"@context":"https:\/\/schema.org","@graph":[{"@type":"WebPage","@id":"https:\/\/omamorispirit.com\/shop\/protection\/good-health\/hada-omamori-health-charm-sensoji-temple\/","url":"https:\/\/omamorispirit.com\/shop\/protection\/good-health\/hada-omamori-health-charm-sensoji-temple\/","name":"HADA OMAMORI | HEALTH CHARM | SENSOJI TEMPLE","isPartOf":{"@id":"https:\/\/lemonchiffon-partridge-879114.hostingersite.com\/en\/#website"},"primaryImageOfPage":{"@id":"https:\/\/omamorispirit.com\/shop\/protection\/good-health\/hada-omamori-health-charm-sensoji-temple\/#primaryimage"},"image":{"@id":"https:\/\/omamorispirit.com\/shop\/protection\/good-health\/hada-omamori-health-charm-sensoji-temple\/#primaryimage"},"thumbnailUrl":"https:\/\/omamorispirit.com\/wp-content\/uploads\/2025\/08\/Skin-Protection-Omamori-Red.webp","datePublished":"2025-08-31T04:03:42+00:00","dateModified":"2025-09-28T04:48:59+00:00","description":"Authentic Japanese omamori from Tokyo Asakusa Sensoji Temple. Prayers for good health. Perfect spiritual amulet to carry with you.","breadcrumb":{"@id":"https:\/\/omamorispirit.com\/shop\/protection\/good-health\/hada-omamori-health-charm-sensoji-temple\/#breadcrumb"},"inLanguage":"fr-FR","potentialAction":[{"@type":"ReadAction","target":["https:\/\/omamorispirit.com\/shop\/protection\/good-health\/hada-omamori-health-charm-sensoji-temple\/"]}]},{"@type":"ImageObject","inLanguage":"fr-FR","@id":"https:\/\/omamorispirit.com\/shop\/protection\/good-health\/hada-omamori-health-charm-sensoji-temple\/#primaryimage","url":"https:\/\/omamorispirit.com\/wp-content\/uploads\/2025\/08\/Skin-Protection-Omamori-Red.webp","contentUrl":"https:\/\/omamorispirit.com\/wp-content\/uploads\/2025\/08\/Skin-Protection-Omamori-Red.webp","width":550,"height":550,"caption":"A small, rectangular Japanese omamori charm in a clear plastic sleeve. The charm inside features a green fabric with a subtle pattern and a white central panel with black and red Japanese characters. A purple string is attached at the top."},{"@type":"BreadcrumbList","@id":"https:\/\/omamorispirit.com\/shop\/protection\/good-health\/hada-omamori-health-charm-sensoji-temple\/#breadcrumb","itemListElement":[{"@type":"ListItem","position":1,"name":"Home","item":"https:\/\/lemonchiffon-partridge-879114.hostingersite.com\/en\/"},{"@type":"ListItem","position":2,"name":"Shop","item":"https:\/\/omamorispirit.com\/en\/shop\/"},{"@type":"ListItem","position":3,"name":"HADA OMAMORI | HEALTH CHARM | SENSOJI TEMPLE"}]},{"@type":"WebSite","@id":"https:\/\/lemonchiffon-partridge-879114.hostingersite.com\/en\/#website","url":"https:\/\/lemonchiffon-partridge-879114.hostingersite.com\/en\/","name":"Omamori Spirit","description":"Authentic Japanese amulets for modern life","publisher":{"@id":"https:\/\/lemonchiffon-partridge-879114.hostingersite.com\/en\/#organization"},"potentialAction":[{"@type":"SearchAction","target":{"@type":"EntryPoint","urlTemplate":"https:\/\/lemonchiffon-partridge-879114.hostingersite.com\/en\/?s={search_term_string}"},"query-input":{"@type":"PropertyValueSpecification","valueRequired":true,"valueName":"search_term_string"}}],"inLanguage":"fr-FR"},{"@type":"Organization","@id":"https:\/\/lemonchiffon-partridge-879114.hostingersite.com\/en\/#organization","name":"Omamori Spirit","url":"https:\/\/lemonchiffon-partridge-879114.hostingersite.com\/en\/","logo":{"@type":"ImageObject","inLanguage":"fr-FR","@id":"https:\/\/lemonchiffon-partridge-879114.hostingersite.com\/en\/#\/schema\/logo\/image\/","url":"https:\/\/omamorispirit.com\/wp-content\/uploads\/2025\/09\/logo-omamori-spirit.png","contentUrl":"https:\/\/omamorispirit.com\/wp-content\/uploads\/2025\/09\/logo-omamori-spirit.png","width":287,"height":277,"caption":"Omamori Spirit"},"image":{"@id":"https:\/\/lemonchiffon-partridge-879114.hostingersite.com\/en\/#\/schema\/logo\/image\/"}}]}},"_links":{"self":[{"href":"https:\/\/omamorispirit.com\/fr\/wp-json\/wp\/v2\/product\/305","targetHints":{"allow":["GET"]}}],"collection":[{"href":"https:\/\/omamorispirit.com\/fr\/wp-json\/wp\/v2\/product"}],"about":[{"href":"https:\/\/omamorispirit.com\/fr\/wp-json\/wp\/v2\/types\/product"}],"replies":[{"embeddable":true,"href":"https:\/\/omamorispirit.com\/fr\/wp-json\/wp\/v2\/comments?post=305"}],"wp:featuredmedia":[{"embeddable":true,"href":"https:\/\/omamorispirit.com\/fr\/wp-json\/wp\/v2\/media\/290"}],"wp:attachment":[{"href":"https:\/\/omamorispirit.com\/fr\/wp-json\/wp\/v2\/media?parent=305"}],"wp:term":[{"taxonomy":"product_brand","embeddable":true,"href":"https:\/\/omamorispirit.com\/fr\/wp-json\/wp\/v2\/product_brand?post=305"},{"taxonomy":"product_cat","embeddable":true,"href":"https:\/\/omamorispirit.com\/fr\/wp-json\/wp\/v2\/product_cat?post=305"},{"taxonomy":"product_tag","embeddable":true,"href":"https:\/\/omamorispirit.com\/fr\/wp-json\/wp\/v2\/product_tag?post=305"}],"curies":[{"name":"wp","href":"https:\/\/api.w.org\/{rel}","templated":true}]}}