{"id":744,"date":"2025-09-04T12:29:13","date_gmt":"2025-09-04T12:29:13","guid":{"rendered":"https:\/\/omamorispirit.com\/?post_type=product&#038;p=744"},"modified":"2025-09-04T13:20:12","modified_gmt":"2025-09-04T13:20:12","slug":"migawari-omamori-good-fortune-charm-naritasan-fusonson","status":"publish","type":"product","link":"https:\/\/omamorispirit.com\/fr\/shop\/protection\/good-fortune\/migawari-omamori-good-fortune-charm-naritasan-fusonson\/","title":{"rendered":"Omamori Migawari | Amulette porte-bonheur | Naritasan Fudoson"},"content":{"rendered":"<p class=\"p3\">Ce magnifique omamori, un amulette traditionnelle japonaise, prot\u00e8ge activement son propri\u00e9taire. Connu sous le nom de \u00ab Migawari Mamori \u00bb, il prend sur lui les fardeaux de la personne qui le porte. Le charme prot\u00e8ge contre les dangers, absorbe la malchance et aide \u00e0 pr\u00e9venir les accidents. Bien plus qu\u2019une simple d\u00e9coration, il incarne un fragment intemporel de la culture japonaise.<\/p>\n<h3><b>Une tradition s\u00e9culaire de protection<\/b><\/h3>\n<p class=\"p3\">The story of this omamori begins in the Edo period with Tatsugor\u014d, a master carpenter. A protective charm once saved his life, and artisans later replicated it as the Migawari Mamori. Believers say it substitutes itself for its owner, guarding against misfortune and danger. Rooted in history, this charm carries deep meaning it represents more than a souvenir from Japan; it preserves a living tradition.<\/p>\n<p>&nbsp;<\/p>\n<h3><b>Un cadeau porteur de sens<\/b><\/h3>\n<p class=\"p3\">Vous pouvez offrir cet omamori \u00e0 vos amis ou \u00e0 votre famille pour montrer l\u2019attention que vous portez \u00e0 leur s\u00e9curit\u00e9. Les artisans enferment le charme protecteur dans une pochette en tissu afin qu\u2019il puisse \u00eatre emport\u00e9 partout : accroch\u00e9 \u00e0 un sac, \u00e0 des cl\u00e9s ou gliss\u00e9 dans une poche. Symbole de v\u0153ux bienveillants et de protection, il apporte la tranquillit\u00e9 d\u2019esprit \u00e0 quiconque le garde pr\u00e8s de soi.<\/p>","protected":false},"excerpt":{"rendered":"<p>This beautiful omamori, a traditional Japanese amulet, actively protects its owner. Known as the \u201cMigawari Mamori,\u201d it takes on the burdens of the person who carries it. The charm shields against harm, absorbs bad luck, and helps prevent accidents. More than decoration, it embodies a timeless piece of Japanese culture. A Rich History of Protection [&hellip;]<\/p>\n","protected":false},"featured_media":745,"comment_status":"open","ping_status":"closed","template":"","meta":{"_acf_changed":false},"product_brand":[],"product_cat":[27,25],"product_tag":[51,39,49,50,38],"class_list":{"0":"post-744","1":"product","2":"type-product","3":"status-publish","4":"has-post-thumbnail","6":"product_cat-good-fortune","7":"product_cat-protection","8":"product_tag-career","9":"product_tag-gold","10":"product_tag-success","11":"product_tag-work","12":"product_tag-yellow","14":"first","15":"instock","16":"shipping-taxable","17":"purchasable","18":"product-type-simple"},"acf":[],"yoast_head":"<!-- This site is optimized with the Yoast SEO plugin v27.5 - https:\/\/yoast.com\/product\/yoast-seo-wordpress\/ -->\n<title>Migawari Omamori | Good Fortune Charm | Naritasan Fudoson<\/title>\n<meta name=\"description\" content=\"Authentic Japanese omamori from Osaka NAritasan Fudoson Temple Temple. Prayers for good fortune. Perfect spiritual amulet to carry with you.\" \/>\n<meta name=\"robots\" content=\"index, follow, max-snippet:-1, max-image-preview:large, max-video-preview:-1\" \/>\n<link rel=\"canonical\" href=\"https:\/\/omamorispirit.com\/fr\/shop\/protection\/good-fortune\/migawari-omamori-good-fortune-charm-naritasan-fusonson\/\" \/>\n<meta property=\"og:locale\" content=\"fr_FR\" \/>\n<meta property=\"og:type\" content=\"article\" \/>\n<meta property=\"og:title\" content=\"Migawari Omamori | Good Fortune Charm | Naritasan Fudoson\" \/>\n<meta property=\"og:description\" content=\"Authentic Japanese omamori from Osaka NAritasan Fudoson Temple Temple. Prayers for good fortune. Perfect spiritual amulet to carry with you.\" \/>\n<meta property=\"og:url\" content=\"https:\/\/omamorispirit.com\/fr\/shop\/protection\/good-fortune\/migawari-omamori-good-fortune-charm-naritasan-fusonson\/\" \/>\n<meta property=\"og:site_name\" content=\"Omamori Spirit\" \/>\n<meta property=\"article:modified_time\" content=\"2025-09-04T13:20:12+00:00\" \/>\n<meta property=\"og:image\" content=\"https:\/\/omamorispirit.com\/wp-content\/uploads\/2025\/09\/1014110031-61678f3faf5d0.jpg\" \/>\n\t<meta property=\"og:image:width\" content=\"500\" \/>\n\t<meta property=\"og:image:height\" content=\"499\" \/>\n\t<meta property=\"og:image:type\" content=\"image\/jpeg\" \/>\n<meta name=\"twitter:card\" content=\"summary_large_image\" \/>\n<meta name=\"twitter:label1\" content=\"Dur\u00e9e de lecture estim\u00e9e\" \/>\n\t<meta name=\"twitter:data1\" content=\"2 minutes\" \/>\n<script type=\"application\/ld+json\" class=\"yoast-schema-graph\">{\"@context\":\"https:\\\/\\\/schema.org\",\"@graph\":[{\"@type\":\"WebPage\",\"@id\":\"https:\\\/\\\/omamorispirit.com\\\/fr\\\/shop\\\/protection\\\/good-fortune\\\/migawari-omamori-good-fortune-charm-naritasan-fusonson\\\/\",\"url\":\"https:\\\/\\\/omamorispirit.com\\\/fr\\\/shop\\\/protection\\\/good-fortune\\\/migawari-omamori-good-fortune-charm-naritasan-fusonson\\\/\",\"name\":\"Migawari Omamori | Good Fortune Charm | Naritasan Fudoson\",\"isPartOf\":{\"@id\":\"https:\\\/\\\/lemonchiffon-partridge-879114.hostingersite.com\\\/en\\\/#website\"},\"primaryImageOfPage\":{\"@id\":\"https:\\\/\\\/omamorispirit.com\\\/fr\\\/shop\\\/protection\\\/good-fortune\\\/migawari-omamori-good-fortune-charm-naritasan-fusonson\\\/#primaryimage\"},\"image\":{\"@id\":\"https:\\\/\\\/omamorispirit.com\\\/fr\\\/shop\\\/protection\\\/good-fortune\\\/migawari-omamori-good-fortune-charm-naritasan-fusonson\\\/#primaryimage\"},\"thumbnailUrl\":\"https:\\\/\\\/omamorispirit.com\\\/wp-content\\\/uploads\\\/2025\\\/09\\\/1014110031-61678f3faf5d0.jpg\",\"datePublished\":\"2025-09-04T12:29:13+00:00\",\"dateModified\":\"2025-09-04T13:20:12+00:00\",\"description\":\"Authentic Japanese omamori from Osaka NAritasan Fudoson Temple Temple. Prayers for good fortune. Perfect spiritual amulet to carry with you.\",\"breadcrumb\":{\"@id\":\"https:\\\/\\\/omamorispirit.com\\\/fr\\\/shop\\\/protection\\\/good-fortune\\\/migawari-omamori-good-fortune-charm-naritasan-fusonson\\\/#breadcrumb\"},\"inLanguage\":\"fr-FR\",\"potentialAction\":[{\"@type\":\"ReadAction\",\"target\":[\"https:\\\/\\\/omamorispirit.com\\\/fr\\\/shop\\\/protection\\\/good-fortune\\\/migawari-omamori-good-fortune-charm-naritasan-fusonson\\\/\"]}]},{\"@type\":\"ImageObject\",\"inLanguage\":\"fr-FR\",\"@id\":\"https:\\\/\\\/omamorispirit.com\\\/fr\\\/shop\\\/protection\\\/good-fortune\\\/migawari-omamori-good-fortune-charm-naritasan-fusonson\\\/#primaryimage\",\"url\":\"https:\\\/\\\/omamorispirit.com\\\/wp-content\\\/uploads\\\/2025\\\/09\\\/1014110031-61678f3faf5d0.jpg\",\"contentUrl\":\"https:\\\/\\\/omamorispirit.com\\\/wp-content\\\/uploads\\\/2025\\\/09\\\/1014110031-61678f3faf5d0.jpg\",\"width\":500,\"height\":499,\"caption\":\"A close-up shot of a small, traditional Japanese omamori. The amulet is housed in a light-colored fabric pouch, tied with a simple string.\"},{\"@type\":\"BreadcrumbList\",\"@id\":\"https:\\\/\\\/omamorispirit.com\\\/fr\\\/shop\\\/protection\\\/good-fortune\\\/migawari-omamori-good-fortune-charm-naritasan-fusonson\\\/#breadcrumb\",\"itemListElement\":[{\"@type\":\"ListItem\",\"position\":1,\"name\":\"Home\",\"item\":\"https:\\\/\\\/lemonchiffon-partridge-879114.hostingersite.com\\\/en\\\/\"},{\"@type\":\"ListItem\",\"position\":2,\"name\":\"Shop\",\"item\":\"https:\\\/\\\/omamorispirit.com\\\/en\\\/shop\\\/\"},{\"@type\":\"ListItem\",\"position\":3,\"name\":\"Migawari Omamori | Good Fortune Charm | Naritasan Fudoson\"}]},{\"@type\":\"WebSite\",\"@id\":\"https:\\\/\\\/lemonchiffon-partridge-879114.hostingersite.com\\\/en\\\/#website\",\"url\":\"https:\\\/\\\/lemonchiffon-partridge-879114.hostingersite.com\\\/en\\\/\",\"name\":\"Omamori Spirit\",\"description\":\"Authentic Japanese amulets for modern life\",\"publisher\":{\"@id\":\"https:\\\/\\\/lemonchiffon-partridge-879114.hostingersite.com\\\/en\\\/#organization\"},\"potentialAction\":[{\"@type\":\"SearchAction\",\"target\":{\"@type\":\"EntryPoint\",\"urlTemplate\":\"https:\\\/\\\/lemonchiffon-partridge-879114.hostingersite.com\\\/en\\\/?s={search_term_string}\"},\"query-input\":{\"@type\":\"PropertyValueSpecification\",\"valueRequired\":true,\"valueName\":\"search_term_string\"}}],\"inLanguage\":\"fr-FR\"},{\"@type\":\"Organization\",\"@id\":\"https:\\\/\\\/lemonchiffon-partridge-879114.hostingersite.com\\\/en\\\/#organization\",\"name\":\"Omamori Spirit\",\"url\":\"https:\\\/\\\/lemonchiffon-partridge-879114.hostingersite.com\\\/en\\\/\",\"logo\":{\"@type\":\"ImageObject\",\"inLanguage\":\"fr-FR\",\"@id\":\"https:\\\/\\\/lemonchiffon-partridge-879114.hostingersite.com\\\/en\\\/#\\\/schema\\\/logo\\\/image\\\/\",\"url\":\"https:\\\/\\\/omamorispirit.com\\\/wp-content\\\/uploads\\\/2025\\\/09\\\/logo-omamori-spirit.png\",\"contentUrl\":\"https:\\\/\\\/omamorispirit.com\\\/wp-content\\\/uploads\\\/2025\\\/09\\\/logo-omamori-spirit.png\",\"width\":287,\"height\":277,\"caption\":\"Omamori Spirit\"},\"image\":{\"@id\":\"https:\\\/\\\/lemonchiffon-partridge-879114.hostingersite.com\\\/en\\\/#\\\/schema\\\/logo\\\/image\\\/\"}}]}<\/script>\n<!-- \/ Yoast SEO plugin. -->","yoast_head_json":{"title":"Omamori Migawari | Amulette porte-bonheur | Naritasan Fudoson","description":"Authentic Japanese omamori from Osaka NAritasan Fudoson Temple Temple. Prayers for good fortune. Perfect spiritual amulet to carry with you.","robots":{"index":"index","follow":"follow","max-snippet":"max-snippet:-1","max-image-preview":"max-image-preview:large","max-video-preview":"max-video-preview:-1"},"canonical":"https:\/\/omamorispirit.com\/fr\/shop\/protection\/good-fortune\/migawari-omamori-good-fortune-charm-naritasan-fusonson\/","og_locale":"fr_FR","og_type":"article","og_title":"Migawari Omamori | Good Fortune Charm | Naritasan Fudoson","og_description":"Authentic Japanese omamori from Osaka NAritasan Fudoson Temple Temple. Prayers for good fortune. Perfect spiritual amulet to carry with you.","og_url":"https:\/\/omamorispirit.com\/fr\/shop\/protection\/good-fortune\/migawari-omamori-good-fortune-charm-naritasan-fusonson\/","og_site_name":"Omamori Spirit","article_modified_time":"2025-09-04T13:20:12+00:00","og_image":[{"width":500,"height":499,"url":"https:\/\/omamorispirit.com\/wp-content\/uploads\/2025\/09\/1014110031-61678f3faf5d0.jpg","type":"image\/jpeg"}],"twitter_card":"summary_large_image","twitter_misc":{"Dur\u00e9e de lecture estim\u00e9e":"2 minutes"},"schema":{"@context":"https:\/\/schema.org","@graph":[{"@type":"WebPage","@id":"https:\/\/omamorispirit.com\/fr\/shop\/protection\/good-fortune\/migawari-omamori-good-fortune-charm-naritasan-fusonson\/","url":"https:\/\/omamorispirit.com\/fr\/shop\/protection\/good-fortune\/migawari-omamori-good-fortune-charm-naritasan-fusonson\/","name":"Omamori Migawari | Amulette porte-bonheur | Naritasan Fudoson","isPartOf":{"@id":"https:\/\/lemonchiffon-partridge-879114.hostingersite.com\/en\/#website"},"primaryImageOfPage":{"@id":"https:\/\/omamorispirit.com\/fr\/shop\/protection\/good-fortune\/migawari-omamori-good-fortune-charm-naritasan-fusonson\/#primaryimage"},"image":{"@id":"https:\/\/omamorispirit.com\/fr\/shop\/protection\/good-fortune\/migawari-omamori-good-fortune-charm-naritasan-fusonson\/#primaryimage"},"thumbnailUrl":"https:\/\/omamorispirit.com\/wp-content\/uploads\/2025\/09\/1014110031-61678f3faf5d0.jpg","datePublished":"2025-09-04T12:29:13+00:00","dateModified":"2025-09-04T13:20:12+00:00","description":"Authentic Japanese omamori from Osaka NAritasan Fudoson Temple Temple. Prayers for good fortune. Perfect spiritual amulet to carry with you.","breadcrumb":{"@id":"https:\/\/omamorispirit.com\/fr\/shop\/protection\/good-fortune\/migawari-omamori-good-fortune-charm-naritasan-fusonson\/#breadcrumb"},"inLanguage":"fr-FR","potentialAction":[{"@type":"ReadAction","target":["https:\/\/omamorispirit.com\/fr\/shop\/protection\/good-fortune\/migawari-omamori-good-fortune-charm-naritasan-fusonson\/"]}]},{"@type":"ImageObject","inLanguage":"fr-FR","@id":"https:\/\/omamorispirit.com\/fr\/shop\/protection\/good-fortune\/migawari-omamori-good-fortune-charm-naritasan-fusonson\/#primaryimage","url":"https:\/\/omamorispirit.com\/wp-content\/uploads\/2025\/09\/1014110031-61678f3faf5d0.jpg","contentUrl":"https:\/\/omamorispirit.com\/wp-content\/uploads\/2025\/09\/1014110031-61678f3faf5d0.jpg","width":500,"height":499,"caption":"A close-up shot of a small, traditional Japanese omamori. The amulet is housed in a light-colored fabric pouch, tied with a simple string."},{"@type":"BreadcrumbList","@id":"https:\/\/omamorispirit.com\/fr\/shop\/protection\/good-fortune\/migawari-omamori-good-fortune-charm-naritasan-fusonson\/#breadcrumb","itemListElement":[{"@type":"ListItem","position":1,"name":"Home","item":"https:\/\/lemonchiffon-partridge-879114.hostingersite.com\/en\/"},{"@type":"ListItem","position":2,"name":"Shop","item":"https:\/\/omamorispirit.com\/en\/shop\/"},{"@type":"ListItem","position":3,"name":"Migawari Omamori | Good Fortune Charm | Naritasan Fudoson"}]},{"@type":"WebSite","@id":"https:\/\/lemonchiffon-partridge-879114.hostingersite.com\/en\/#website","url":"https:\/\/lemonchiffon-partridge-879114.hostingersite.com\/en\/","name":"Omamori Spirit","description":"Authentic Japanese amulets for modern life","publisher":{"@id":"https:\/\/lemonchiffon-partridge-879114.hostingersite.com\/en\/#organization"},"potentialAction":[{"@type":"SearchAction","target":{"@type":"EntryPoint","urlTemplate":"https:\/\/lemonchiffon-partridge-879114.hostingersite.com\/en\/?s={search_term_string}"},"query-input":{"@type":"PropertyValueSpecification","valueRequired":true,"valueName":"search_term_string"}}],"inLanguage":"fr-FR"},{"@type":"Organization","@id":"https:\/\/lemonchiffon-partridge-879114.hostingersite.com\/en\/#organization","name":"Omamori Spirit","url":"https:\/\/lemonchiffon-partridge-879114.hostingersite.com\/en\/","logo":{"@type":"ImageObject","inLanguage":"fr-FR","@id":"https:\/\/lemonchiffon-partridge-879114.hostingersite.com\/en\/#\/schema\/logo\/image\/","url":"https:\/\/omamorispirit.com\/wp-content\/uploads\/2025\/09\/logo-omamori-spirit.png","contentUrl":"https:\/\/omamorispirit.com\/wp-content\/uploads\/2025\/09\/logo-omamori-spirit.png","width":287,"height":277,"caption":"Omamori Spirit"},"image":{"@id":"https:\/\/lemonchiffon-partridge-879114.hostingersite.com\/en\/#\/schema\/logo\/image\/"}}]}},"_links":{"self":[{"href":"https:\/\/omamorispirit.com\/fr\/wp-json\/wp\/v2\/product\/744","targetHints":{"allow":["GET"]}}],"collection":[{"href":"https:\/\/omamorispirit.com\/fr\/wp-json\/wp\/v2\/product"}],"about":[{"href":"https:\/\/omamorispirit.com\/fr\/wp-json\/wp\/v2\/types\/product"}],"replies":[{"embeddable":true,"href":"https:\/\/omamorispirit.com\/fr\/wp-json\/wp\/v2\/comments?post=744"}],"wp:featuredmedia":[{"embeddable":true,"href":"https:\/\/omamorispirit.com\/fr\/wp-json\/wp\/v2\/media\/745"}],"wp:attachment":[{"href":"https:\/\/omamorispirit.com\/fr\/wp-json\/wp\/v2\/media?parent=744"}],"wp:term":[{"taxonomy":"product_brand","embeddable":true,"href":"https:\/\/omamorispirit.com\/fr\/wp-json\/wp\/v2\/product_brand?post=744"},{"taxonomy":"product_cat","embeddable":true,"href":"https:\/\/omamorispirit.com\/fr\/wp-json\/wp\/v2\/product_cat?post=744"},{"taxonomy":"product_tag","embeddable":true,"href":"https:\/\/omamorispirit.com\/fr\/wp-json\/wp\/v2\/product_tag?post=744"}],"curies":[{"name":"wp","href":"https:\/\/api.w.org\/{rel}","templated":true}]}}