{"id":763,"date":"2025-09-05T06:51:23","date_gmt":"2025-09-05T06:51:23","guid":{"rendered":"https:\/\/omamorispirit.com\/?post_type=product&#038;p=763"},"modified":"2025-09-05T06:59:54","modified_gmt":"2025-09-05T06:59:54","slug":"kotsu-anzen-omamori-traffic-safety-charm-naritasan-fudoson","status":"publish","type":"product","link":"https:\/\/omamorispirit.com\/fr\/shop\/protection\/traffic-safety\/kotsu-anzen-omamori-traffic-safety-charm-naritasan-fudoson\/","title":{"rendered":"Omamori Kotsu Anzen | Porte-bonheur pour la s\u00e9curit\u00e9 routi\u00e8re | Naritasan Fudoson"},"content":{"rendered":"<p>Safeguard your travels with this <strong>Kotsu Anzen<\/strong>\u00a0<b>omamori<\/b> <b>est un charme sp\u00e9cial.<\/b>. This <b>Japanese amulet<\/b> is a <b>keychain<\/b> designed for drivers and riders. The design is simple yet effective. It includes a metal keyring for easy attachment. Attach it to your car keys or motorcycle keys. It helps ensure safe travels on the road.<\/p>\n<p>&nbsp;<\/p>\n<h2>Product Details<\/h2>\n<p>This <b>omamori<\/b> is a symbol of <strong>traffic safety.<\/strong> It provides blessings for journeys both long and short. It is a perfect <b>est un charme sp\u00e9cial.\u00a0<\/b>for anyone with a vehicle. The elegant design makes it a beautiful accessory.<\/p>\n<p>&nbsp;<\/p>\n<p>&nbsp;<\/p>","protected":false},"excerpt":{"rendered":"<p>Safeguard your travels with this Kotsu Anzen\u00a0omamori charm. This Japanese amulet is a keychain designed for drivers and riders. The design is simple yet effective. It includes a metal keyring for easy attachment. Attach it to your car keys or motorcycle keys. It helps ensure safe travels on the road. &nbsp; Product Details This omamori [&hellip;]<\/p>\n","protected":false},"featured_media":768,"comment_status":"open","ping_status":"closed","template":"","meta":{"_acf_changed":false},"product_brand":[],"product_cat":[25,28],"product_tag":[68,70,71,69,72],"class_list":{"0":"post-763","1":"product","2":"type-product","3":"status-publish","4":"has-post-thumbnail","6":"product_cat-protection","7":"product_cat-traffic-safety","8":"product_tag-car","9":"product_tag-road","10":"product_tag-safety","11":"product_tag-traffic","12":"product_tag-truck","14":"first","15":"instock","16":"shipping-taxable","17":"purchasable","18":"product-type-variable"},"acf":[],"yoast_head":"<!-- This site is optimized with the Yoast SEO plugin v27.5 - https:\/\/yoast.com\/product\/yoast-seo-wordpress\/ -->\n<title>Kotsu\u00a0anzen Omamori | Traffic Safety Charm | Naritasan Fudoson<\/title>\n<meta name=\"description\" content=\"Authentic Japanese omamori from Osaka NAritasan Fudoson Temple Temple. Prayers for good fortune. Perfect spiritual amulet to carry with you.\" \/>\n<meta name=\"robots\" content=\"index, follow, max-snippet:-1, max-image-preview:large, max-video-preview:-1\" \/>\n<link rel=\"canonical\" href=\"https:\/\/omamorispirit.com\/fr\/shop\/protection\/traffic-safety\/kotsu-anzen-omamori-traffic-safety-charm-naritasan-fudoson\/\" \/>\n<meta property=\"og:locale\" content=\"fr_FR\" \/>\n<meta property=\"og:type\" content=\"article\" \/>\n<meta property=\"og:title\" content=\"Kotsu\u00a0anzen Omamori | Traffic Safety Charm | Naritasan Fudoson\" \/>\n<meta property=\"og:description\" content=\"Authentic Japanese omamori from Osaka NAritasan Fudoson Temple Temple. Prayers for good fortune. Perfect spiritual amulet to carry with you.\" \/>\n<meta property=\"og:url\" content=\"https:\/\/omamorispirit.com\/fr\/shop\/protection\/traffic-safety\/kotsu-anzen-omamori-traffic-safety-charm-naritasan-fudoson\/\" \/>\n<meta property=\"og:site_name\" content=\"Omamori Spirit\" \/>\n<meta property=\"article:modified_time\" content=\"2025-09-05T06:59:54+00:00\" \/>\n<meta property=\"og:image\" content=\"https:\/\/omamorispirit.com\/wp-content\/uploads\/2025\/09\/traffic-safety-omamori2.jpg\" \/>\n\t<meta property=\"og:image:width\" content=\"620\" \/>\n\t<meta property=\"og:image:height\" content=\"620\" \/>\n\t<meta property=\"og:image:type\" content=\"image\/jpeg\" \/>\n<meta name=\"twitter:card\" content=\"summary_large_image\" \/>\n<meta name=\"twitter:label1\" content=\"Dur\u00e9e de lecture estim\u00e9e\" \/>\n\t<meta name=\"twitter:data1\" content=\"1 minute\" \/>\n<script type=\"application\/ld+json\" class=\"yoast-schema-graph\">{\"@context\":\"https:\\\/\\\/schema.org\",\"@graph\":[{\"@type\":\"WebPage\",\"@id\":\"https:\\\/\\\/omamorispirit.com\\\/fr\\\/shop\\\/protection\\\/traffic-safety\\\/kotsu-anzen-omamori-traffic-safety-charm-naritasan-fudoson\\\/\",\"url\":\"https:\\\/\\\/omamorispirit.com\\\/fr\\\/shop\\\/protection\\\/traffic-safety\\\/kotsu-anzen-omamori-traffic-safety-charm-naritasan-fudoson\\\/\",\"name\":\"Kotsu\u00a0anzen Omamori | Traffic Safety Charm | Naritasan Fudoson\",\"isPartOf\":{\"@id\":\"https:\\\/\\\/lemonchiffon-partridge-879114.hostingersite.com\\\/en\\\/#website\"},\"primaryImageOfPage\":{\"@id\":\"https:\\\/\\\/omamorispirit.com\\\/fr\\\/shop\\\/protection\\\/traffic-safety\\\/kotsu-anzen-omamori-traffic-safety-charm-naritasan-fudoson\\\/#primaryimage\"},\"image\":{\"@id\":\"https:\\\/\\\/omamorispirit.com\\\/fr\\\/shop\\\/protection\\\/traffic-safety\\\/kotsu-anzen-omamori-traffic-safety-charm-naritasan-fudoson\\\/#primaryimage\"},\"thumbnailUrl\":\"https:\\\/\\\/omamorispirit.com\\\/wp-content\\\/uploads\\\/2025\\\/09\\\/traffic-safety-omamori2.jpg\",\"datePublished\":\"2025-09-05T06:51:23+00:00\",\"dateModified\":\"2025-09-05T06:59:54+00:00\",\"description\":\"Authentic Japanese omamori from Osaka NAritasan Fudoson Temple Temple. Prayers for good fortune. Perfect spiritual amulet to carry with you.\",\"breadcrumb\":{\"@id\":\"https:\\\/\\\/omamorispirit.com\\\/fr\\\/shop\\\/protection\\\/traffic-safety\\\/kotsu-anzen-omamori-traffic-safety-charm-naritasan-fudoson\\\/#breadcrumb\"},\"inLanguage\":\"fr-FR\",\"potentialAction\":[{\"@type\":\"ReadAction\",\"target\":[\"https:\\\/\\\/omamorispirit.com\\\/fr\\\/shop\\\/protection\\\/traffic-safety\\\/kotsu-anzen-omamori-traffic-safety-charm-naritasan-fudoson\\\/\"]}]},{\"@type\":\"ImageObject\",\"inLanguage\":\"fr-FR\",\"@id\":\"https:\\\/\\\/omamorispirit.com\\\/fr\\\/shop\\\/protection\\\/traffic-safety\\\/kotsu-anzen-omamori-traffic-safety-charm-naritasan-fudoson\\\/#primaryimage\",\"url\":\"https:\\\/\\\/omamorispirit.com\\\/wp-content\\\/uploads\\\/2025\\\/09\\\/traffic-safety-omamori2.jpg\",\"contentUrl\":\"https:\\\/\\\/omamorispirit.com\\\/wp-content\\\/uploads\\\/2025\\\/09\\\/traffic-safety-omamori2.jpg\",\"width\":620,\"height\":620,\"caption\":\"Two Japanese Omamori traffic safety amulets side by side, one is pink and the other is blue, with embroidered car designs and small bells.\"},{\"@type\":\"BreadcrumbList\",\"@id\":\"https:\\\/\\\/omamorispirit.com\\\/fr\\\/shop\\\/protection\\\/traffic-safety\\\/kotsu-anzen-omamori-traffic-safety-charm-naritasan-fudoson\\\/#breadcrumb\",\"itemListElement\":[{\"@type\":\"ListItem\",\"position\":1,\"name\":\"Home\",\"item\":\"https:\\\/\\\/lemonchiffon-partridge-879114.hostingersite.com\\\/en\\\/\"},{\"@type\":\"ListItem\",\"position\":2,\"name\":\"Shop\",\"item\":\"https:\\\/\\\/omamorispirit.com\\\/en\\\/shop\\\/\"},{\"@type\":\"ListItem\",\"position\":3,\"name\":\"Kotsu\u00a0anzen Omamori | Traffic Safety Charm | Naritasan Fudoson\"}]},{\"@type\":\"WebSite\",\"@id\":\"https:\\\/\\\/lemonchiffon-partridge-879114.hostingersite.com\\\/en\\\/#website\",\"url\":\"https:\\\/\\\/lemonchiffon-partridge-879114.hostingersite.com\\\/en\\\/\",\"name\":\"Omamori Spirit\",\"description\":\"Authentic Japanese amulets for modern life\",\"publisher\":{\"@id\":\"https:\\\/\\\/lemonchiffon-partridge-879114.hostingersite.com\\\/en\\\/#organization\"},\"potentialAction\":[{\"@type\":\"SearchAction\",\"target\":{\"@type\":\"EntryPoint\",\"urlTemplate\":\"https:\\\/\\\/lemonchiffon-partridge-879114.hostingersite.com\\\/en\\\/?s={search_term_string}\"},\"query-input\":{\"@type\":\"PropertyValueSpecification\",\"valueRequired\":true,\"valueName\":\"search_term_string\"}}],\"inLanguage\":\"fr-FR\"},{\"@type\":\"Organization\",\"@id\":\"https:\\\/\\\/lemonchiffon-partridge-879114.hostingersite.com\\\/en\\\/#organization\",\"name\":\"Omamori Spirit\",\"url\":\"https:\\\/\\\/lemonchiffon-partridge-879114.hostingersite.com\\\/en\\\/\",\"logo\":{\"@type\":\"ImageObject\",\"inLanguage\":\"fr-FR\",\"@id\":\"https:\\\/\\\/lemonchiffon-partridge-879114.hostingersite.com\\\/en\\\/#\\\/schema\\\/logo\\\/image\\\/\",\"url\":\"https:\\\/\\\/omamorispirit.com\\\/wp-content\\\/uploads\\\/2025\\\/09\\\/logo-omamori-spirit.png\",\"contentUrl\":\"https:\\\/\\\/omamorispirit.com\\\/wp-content\\\/uploads\\\/2025\\\/09\\\/logo-omamori-spirit.png\",\"width\":287,\"height\":277,\"caption\":\"Omamori Spirit\"},\"image\":{\"@id\":\"https:\\\/\\\/lemonchiffon-partridge-879114.hostingersite.com\\\/en\\\/#\\\/schema\\\/logo\\\/image\\\/\"}}]}<\/script>\n<!-- \/ Yoast SEO plugin. -->","yoast_head_json":{"title":"Omamori Kotsu Anzen | Porte-bonheur pour la s\u00e9curit\u00e9 routi\u00e8re | Naritasan Fudoson","description":"Authentic Japanese omamori from Osaka NAritasan Fudoson Temple Temple. Prayers for good fortune. Perfect spiritual amulet to carry with you.","robots":{"index":"index","follow":"follow","max-snippet":"max-snippet:-1","max-image-preview":"max-image-preview:large","max-video-preview":"max-video-preview:-1"},"canonical":"https:\/\/omamorispirit.com\/fr\/shop\/protection\/traffic-safety\/kotsu-anzen-omamori-traffic-safety-charm-naritasan-fudoson\/","og_locale":"fr_FR","og_type":"article","og_title":"Kotsu\u00a0anzen Omamori | Traffic Safety Charm | Naritasan Fudoson","og_description":"Authentic Japanese omamori from Osaka NAritasan Fudoson Temple Temple. Prayers for good fortune. Perfect spiritual amulet to carry with you.","og_url":"https:\/\/omamorispirit.com\/fr\/shop\/protection\/traffic-safety\/kotsu-anzen-omamori-traffic-safety-charm-naritasan-fudoson\/","og_site_name":"Omamori Spirit","article_modified_time":"2025-09-05T06:59:54+00:00","og_image":[{"width":620,"height":620,"url":"https:\/\/omamorispirit.com\/wp-content\/uploads\/2025\/09\/traffic-safety-omamori2.jpg","type":"image\/jpeg"}],"twitter_card":"summary_large_image","twitter_misc":{"Dur\u00e9e de lecture estim\u00e9e":"1 minute"},"schema":{"@context":"https:\/\/schema.org","@graph":[{"@type":"WebPage","@id":"https:\/\/omamorispirit.com\/fr\/shop\/protection\/traffic-safety\/kotsu-anzen-omamori-traffic-safety-charm-naritasan-fudoson\/","url":"https:\/\/omamorispirit.com\/fr\/shop\/protection\/traffic-safety\/kotsu-anzen-omamori-traffic-safety-charm-naritasan-fudoson\/","name":"Omamori Kotsu Anzen | Porte-bonheur pour la s\u00e9curit\u00e9 routi\u00e8re | Naritasan Fudoson","isPartOf":{"@id":"https:\/\/lemonchiffon-partridge-879114.hostingersite.com\/en\/#website"},"primaryImageOfPage":{"@id":"https:\/\/omamorispirit.com\/fr\/shop\/protection\/traffic-safety\/kotsu-anzen-omamori-traffic-safety-charm-naritasan-fudoson\/#primaryimage"},"image":{"@id":"https:\/\/omamorispirit.com\/fr\/shop\/protection\/traffic-safety\/kotsu-anzen-omamori-traffic-safety-charm-naritasan-fudoson\/#primaryimage"},"thumbnailUrl":"https:\/\/omamorispirit.com\/wp-content\/uploads\/2025\/09\/traffic-safety-omamori2.jpg","datePublished":"2025-09-05T06:51:23+00:00","dateModified":"2025-09-05T06:59:54+00:00","description":"Authentic Japanese omamori from Osaka NAritasan Fudoson Temple Temple. Prayers for good fortune. Perfect spiritual amulet to carry with you.","breadcrumb":{"@id":"https:\/\/omamorispirit.com\/fr\/shop\/protection\/traffic-safety\/kotsu-anzen-omamori-traffic-safety-charm-naritasan-fudoson\/#breadcrumb"},"inLanguage":"fr-FR","potentialAction":[{"@type":"ReadAction","target":["https:\/\/omamorispirit.com\/fr\/shop\/protection\/traffic-safety\/kotsu-anzen-omamori-traffic-safety-charm-naritasan-fudoson\/"]}]},{"@type":"ImageObject","inLanguage":"fr-FR","@id":"https:\/\/omamorispirit.com\/fr\/shop\/protection\/traffic-safety\/kotsu-anzen-omamori-traffic-safety-charm-naritasan-fudoson\/#primaryimage","url":"https:\/\/omamorispirit.com\/wp-content\/uploads\/2025\/09\/traffic-safety-omamori2.jpg","contentUrl":"https:\/\/omamorispirit.com\/wp-content\/uploads\/2025\/09\/traffic-safety-omamori2.jpg","width":620,"height":620,"caption":"Two Japanese Omamori traffic safety amulets side by side, one is pink and the other is blue, with embroidered car designs and small bells."},{"@type":"BreadcrumbList","@id":"https:\/\/omamorispirit.com\/fr\/shop\/protection\/traffic-safety\/kotsu-anzen-omamori-traffic-safety-charm-naritasan-fudoson\/#breadcrumb","itemListElement":[{"@type":"ListItem","position":1,"name":"Home","item":"https:\/\/lemonchiffon-partridge-879114.hostingersite.com\/en\/"},{"@type":"ListItem","position":2,"name":"Shop","item":"https:\/\/omamorispirit.com\/en\/shop\/"},{"@type":"ListItem","position":3,"name":"Kotsu\u00a0anzen Omamori | Traffic Safety Charm | Naritasan Fudoson"}]},{"@type":"WebSite","@id":"https:\/\/lemonchiffon-partridge-879114.hostingersite.com\/en\/#website","url":"https:\/\/lemonchiffon-partridge-879114.hostingersite.com\/en\/","name":"Omamori Spirit","description":"Authentic Japanese amulets for modern life","publisher":{"@id":"https:\/\/lemonchiffon-partridge-879114.hostingersite.com\/en\/#organization"},"potentialAction":[{"@type":"SearchAction","target":{"@type":"EntryPoint","urlTemplate":"https:\/\/lemonchiffon-partridge-879114.hostingersite.com\/en\/?s={search_term_string}"},"query-input":{"@type":"PropertyValueSpecification","valueRequired":true,"valueName":"search_term_string"}}],"inLanguage":"fr-FR"},{"@type":"Organization","@id":"https:\/\/lemonchiffon-partridge-879114.hostingersite.com\/en\/#organization","name":"Omamori Spirit","url":"https:\/\/lemonchiffon-partridge-879114.hostingersite.com\/en\/","logo":{"@type":"ImageObject","inLanguage":"fr-FR","@id":"https:\/\/lemonchiffon-partridge-879114.hostingersite.com\/en\/#\/schema\/logo\/image\/","url":"https:\/\/omamorispirit.com\/wp-content\/uploads\/2025\/09\/logo-omamori-spirit.png","contentUrl":"https:\/\/omamorispirit.com\/wp-content\/uploads\/2025\/09\/logo-omamori-spirit.png","width":287,"height":277,"caption":"Omamori Spirit"},"image":{"@id":"https:\/\/lemonchiffon-partridge-879114.hostingersite.com\/en\/#\/schema\/logo\/image\/"}}]}},"_links":{"self":[{"href":"https:\/\/omamorispirit.com\/fr\/wp-json\/wp\/v2\/product\/763","targetHints":{"allow":["GET"]}}],"collection":[{"href":"https:\/\/omamorispirit.com\/fr\/wp-json\/wp\/v2\/product"}],"about":[{"href":"https:\/\/omamorispirit.com\/fr\/wp-json\/wp\/v2\/types\/product"}],"replies":[{"embeddable":true,"href":"https:\/\/omamorispirit.com\/fr\/wp-json\/wp\/v2\/comments?post=763"}],"wp:featuredmedia":[{"embeddable":true,"href":"https:\/\/omamorispirit.com\/fr\/wp-json\/wp\/v2\/media\/768"}],"wp:attachment":[{"href":"https:\/\/omamorispirit.com\/fr\/wp-json\/wp\/v2\/media?parent=763"}],"wp:term":[{"taxonomy":"product_brand","embeddable":true,"href":"https:\/\/omamorispirit.com\/fr\/wp-json\/wp\/v2\/product_brand?post=763"},{"taxonomy":"product_cat","embeddable":true,"href":"https:\/\/omamorispirit.com\/fr\/wp-json\/wp\/v2\/product_cat?post=763"},{"taxonomy":"product_tag","embeddable":true,"href":"https:\/\/omamorispirit.com\/fr\/wp-json\/wp\/v2\/product_tag?post=763"}],"curies":[{"name":"wp","href":"https:\/\/api.w.org\/{rel}","templated":true}]}}