{"id":782,"date":"2025-09-10T12:28:18","date_gmt":"2025-09-10T12:28:18","guid":{"rendered":"https:\/\/omamorispirit.com\/?post_type=product&#038;p=782"},"modified":"2025-10-03T03:24:38","modified_gmt":"2025-10-03T03:24:38","slug":"zodiac-omamori-good-luck-charm-naritasan-fudoson","status":"publish","type":"product","link":"https:\/\/omamorispirit.com\/fr\/shop\/protection\/good-fortune\/zodiac-omamori-good-luck-charm-naritasan-fudoson\/","title":{"rendered":"ZODIAC OMAMORI | CHARME DE CHANCE | NARITASAN FUDOSON"},"content":{"rendered":"<h3>Amulette Omamori du Zodiaque Japonais<\/h3>\n<p class=\"translation-block\">D\u00e9couvrez le pouvoir de votre <b>Omamori du Zodiaque<\/b>. Cette <b>amulette japonaise<\/b> sp\u00e9ciale offre une protection. Chaque <b>charme<\/b> repr\u00e9sente l\u2019un des douze animaux du zodiaque. Ils sont un \u00e9l\u00e9ment tr\u00e8s appr\u00e9ci\u00e9 de la culture japonaise. Cet <b>omamori<\/b> est un cadeau significatif pour vous-m\u00eame ou pour un \u00eatre cher.<\/p>\n<p>&nbsp;<\/p>\n<h4>Votre charme personnel<\/h4>\n<p class=\"translation-block\">Chaque <b>omamori<\/b> poss\u00e8de un animal du zodiaque sp\u00e9cifique. L\u2019animal repr\u00e9sente votre ann\u00e9e de naissance. On pense qu\u2019il offre une protection puissante. Il aide \u00e0 vous guider sur votre chemin. Il peut apporter de la chance. Ce <b>charme<\/b> unique est un bel accessoire.<\/p>\n<p>&nbsp;<\/p>\n<h4>Comment utiliser l'amulette<\/h4>\n<p class=\"translation-block\">Vous pouvez porter ce <b>omamori<\/b> avec vous. Attachez-le \u00e0 votre sac ou \u00e0 votre porte-cl\u00e9s. Il peut \u00e9galement \u00eatre plac\u00e9 dans votre portefeuille. Sa taille compacte le rend facile \u00e0 transporter. Le <b>charme<\/b> sert de rappel de votre esprit du zodiaque. Il offre un sentiment de s\u00e9curit\u00e9.<\/p>\n<p>&nbsp;<\/p>\n<p>&nbsp;<\/p>","protected":false},"excerpt":{"rendered":"<p>Zodiac Omamori Amulet Discover the power of your Zodiac Omamori. This special Japanese amulet offers protection. Each charm features one of the twelve zodiac animals. They are a beloved part of Japanese culture. This omamori is a meaningful gift for yourself or a loved one. &nbsp; Your Personal Charm Each omamori has a specific zodiac [&hellip;]<\/p>\n","protected":false},"featured_media":797,"comment_status":"open","ping_status":"closed","template":"","meta":{"_acf_changed":false},"product_brand":[],"product_cat":[27,25,73],"product_tag":[80,78,79,85,83,77,81,75,84,86,82,76,74],"class_list":{"0":"post-782","1":"product","2":"type-product","3":"status-publish","4":"has-post-thumbnail","6":"product_cat-good-fortune","7":"product_cat-protection","8":"product_cat-zodiac","9":"product_tag-dog","10":"product_tag-dragon","11":"product_tag-goat","12":"product_tag-horse","13":"product_tag-monkey","14":"product_tag-ox","15":"product_tag-pig","16":"product_tag-rabbit","17":"product_tag-rat","18":"product_tag-rooster","19":"product_tag-snake","20":"product_tag-tiger","21":"product_tag-zodiac","23":"first","24":"instock","25":"shipping-taxable","26":"purchasable","27":"product-type-variable"},"acf":[],"yoast_head":"<!-- This site is optimized with the Yoast SEO plugin v27.5 - https:\/\/yoast.com\/product\/yoast-seo-wordpress\/ -->\n<title>Zodiac Omamori | Good Luck Charm | Naritasan Fudoson<\/title>\n<meta name=\"description\" content=\"Authentic Japanese Zodiac omamori from Osaka Naritasan Fudoson Temple. Prayers for good fortune. Perfect spiritual amulets to carry with you.\" \/>\n<meta name=\"robots\" content=\"index, follow, max-snippet:-1, max-image-preview:large, max-video-preview:-1\" \/>\n<link rel=\"canonical\" href=\"https:\/\/omamorispirit.com\/fr\/shop\/protection\/good-fortune\/zodiac-omamori-good-luck-charm-naritasan-fudoson\/\" \/>\n<meta property=\"og:locale\" content=\"fr_FR\" \/>\n<meta property=\"og:type\" content=\"article\" \/>\n<meta property=\"og:title\" content=\"Zodiac Omamori | Good Luck Charm | Naritasan Fudoson\" \/>\n<meta property=\"og:description\" content=\"Authentic Japanese Zodiac omamori from Osaka Naritasan Fudoson Temple. Prayers for good fortune. Perfect spiritual amulets to carry with you.\" \/>\n<meta property=\"og:url\" content=\"https:\/\/omamorispirit.com\/fr\/shop\/protection\/good-fortune\/zodiac-omamori-good-luck-charm-naritasan-fudoson\/\" \/>\n<meta property=\"og:site_name\" content=\"Omamori Spirit\" \/>\n<meta property=\"article:modified_time\" content=\"2025-10-03T03:24:38+00:00\" \/>\n<meta property=\"og:image\" content=\"https:\/\/omamorispirit.com\/wp-content\/uploads\/2025\/09\/1027153140-6178f24cb975f.jpg\" \/>\n\t<meta property=\"og:image:width\" content=\"620\" \/>\n\t<meta property=\"og:image:height\" content=\"620\" \/>\n\t<meta property=\"og:image:type\" content=\"image\/jpeg\" \/>\n<meta name=\"twitter:card\" content=\"summary_large_image\" \/>\n<meta name=\"twitter:label1\" content=\"Dur\u00e9e de lecture estim\u00e9e\" \/>\n\t<meta name=\"twitter:data1\" content=\"1 minute\" \/>\n<script type=\"application\/ld+json\" class=\"yoast-schema-graph\">{\"@context\":\"https:\\\/\\\/schema.org\",\"@graph\":[{\"@type\":\"WebPage\",\"@id\":\"https:\\\/\\\/omamorispirit.com\\\/en\\\/shop\\\/protection\\\/good-fortune\\\/zodiac-omamori-good-luck-charm-naritasan-fudoson\\\/\",\"url\":\"https:\\\/\\\/omamorispirit.com\\\/en\\\/shop\\\/protection\\\/good-fortune\\\/zodiac-omamori-good-luck-charm-naritasan-fudoson\\\/\",\"name\":\"Zodiac Omamori | Good Luck Charm | Naritasan Fudoson\",\"isPartOf\":{\"@id\":\"https:\\\/\\\/lemonchiffon-partridge-879114.hostingersite.com\\\/en\\\/#website\"},\"primaryImageOfPage\":{\"@id\":\"https:\\\/\\\/omamorispirit.com\\\/en\\\/shop\\\/protection\\\/good-fortune\\\/zodiac-omamori-good-luck-charm-naritasan-fudoson\\\/#primaryimage\"},\"image\":{\"@id\":\"https:\\\/\\\/omamorispirit.com\\\/en\\\/shop\\\/protection\\\/good-fortune\\\/zodiac-omamori-good-luck-charm-naritasan-fudoson\\\/#primaryimage\"},\"thumbnailUrl\":\"https:\\\/\\\/omamorispirit.com\\\/wp-content\\\/uploads\\\/2025\\\/09\\\/1027153140-6178f24cb975f.jpg\",\"datePublished\":\"2025-09-10T12:28:18+00:00\",\"dateModified\":\"2025-10-03T03:24:38+00:00\",\"description\":\"Authentic Japanese Zodiac omamori from Osaka Naritasan Fudoson Temple. Prayers for good fortune. Perfect spiritual amulets to carry with you.\",\"breadcrumb\":{\"@id\":\"https:\\\/\\\/omamorispirit.com\\\/en\\\/shop\\\/protection\\\/good-fortune\\\/zodiac-omamori-good-luck-charm-naritasan-fudoson\\\/#breadcrumb\"},\"inLanguage\":\"fr-FR\",\"potentialAction\":[{\"@type\":\"ReadAction\",\"target\":[\"https:\\\/\\\/omamorispirit.com\\\/en\\\/shop\\\/protection\\\/good-fortune\\\/zodiac-omamori-good-luck-charm-naritasan-fudoson\\\/\"]}]},{\"@type\":\"ImageObject\",\"inLanguage\":\"fr-FR\",\"@id\":\"https:\\\/\\\/omamorispirit.com\\\/en\\\/shop\\\/protection\\\/good-fortune\\\/zodiac-omamori-good-luck-charm-naritasan-fudoson\\\/#primaryimage\",\"url\":\"https:\\\/\\\/omamorispirit.com\\\/wp-content\\\/uploads\\\/2025\\\/09\\\/1027153140-6178f24cb975f.jpg\",\"contentUrl\":\"https:\\\/\\\/omamorispirit.com\\\/wp-content\\\/uploads\\\/2025\\\/09\\\/1027153140-6178f24cb975f.jpg\",\"width\":620,\"height\":620,\"caption\":\"A collection of twelve colorful omamori charms, each featuring a different animal from the Japanese zodiac. The charms are arranged in a row against a simple background.\"},{\"@type\":\"BreadcrumbList\",\"@id\":\"https:\\\/\\\/omamorispirit.com\\\/en\\\/shop\\\/protection\\\/good-fortune\\\/zodiac-omamori-good-luck-charm-naritasan-fudoson\\\/#breadcrumb\",\"itemListElement\":[{\"@type\":\"ListItem\",\"position\":1,\"name\":\"Home\",\"item\":\"https:\\\/\\\/lemonchiffon-partridge-879114.hostingersite.com\\\/en\\\/\"},{\"@type\":\"ListItem\",\"position\":2,\"name\":\"Shop\",\"item\":\"https:\\\/\\\/omamorispirit.com\\\/en\\\/shop\\\/\"},{\"@type\":\"ListItem\",\"position\":3,\"name\":\"Zodiac Omamori | Good Luck Charm | Naritasan Fudoson\"}]},{\"@type\":\"WebSite\",\"@id\":\"https:\\\/\\\/lemonchiffon-partridge-879114.hostingersite.com\\\/en\\\/#website\",\"url\":\"https:\\\/\\\/lemonchiffon-partridge-879114.hostingersite.com\\\/en\\\/\",\"name\":\"Omamori Spirit\",\"description\":\"Authentic Japanese amulets for modern life\",\"publisher\":{\"@id\":\"https:\\\/\\\/lemonchiffon-partridge-879114.hostingersite.com\\\/en\\\/#organization\"},\"potentialAction\":[{\"@type\":\"SearchAction\",\"target\":{\"@type\":\"EntryPoint\",\"urlTemplate\":\"https:\\\/\\\/lemonchiffon-partridge-879114.hostingersite.com\\\/en\\\/?s={search_term_string}\"},\"query-input\":{\"@type\":\"PropertyValueSpecification\",\"valueRequired\":true,\"valueName\":\"search_term_string\"}}],\"inLanguage\":\"fr-FR\"},{\"@type\":\"Organization\",\"@id\":\"https:\\\/\\\/lemonchiffon-partridge-879114.hostingersite.com\\\/en\\\/#organization\",\"name\":\"Omamori Spirit\",\"url\":\"https:\\\/\\\/lemonchiffon-partridge-879114.hostingersite.com\\\/en\\\/\",\"logo\":{\"@type\":\"ImageObject\",\"inLanguage\":\"fr-FR\",\"@id\":\"https:\\\/\\\/lemonchiffon-partridge-879114.hostingersite.com\\\/en\\\/#\\\/schema\\\/logo\\\/image\\\/\",\"url\":\"https:\\\/\\\/omamorispirit.com\\\/wp-content\\\/uploads\\\/2025\\\/09\\\/logo-omamori-spirit.png\",\"contentUrl\":\"https:\\\/\\\/omamorispirit.com\\\/wp-content\\\/uploads\\\/2025\\\/09\\\/logo-omamori-spirit.png\",\"width\":287,\"height\":277,\"caption\":\"Omamori Spirit\"},\"image\":{\"@id\":\"https:\\\/\\\/lemonchiffon-partridge-879114.hostingersite.com\\\/en\\\/#\\\/schema\\\/logo\\\/image\\\/\"}}]}<\/script>\n<!-- \/ Yoast SEO plugin. -->","yoast_head_json":{"title":"ZODIAC OMAMORI | CHARME DE CHANCE | NARITASAN FUDOSON","description":"Authentic Japanese Zodiac omamori from Osaka Naritasan Fudoson Temple. Prayers for good fortune. Perfect spiritual amulets to carry with you.","robots":{"index":"index","follow":"follow","max-snippet":"max-snippet:-1","max-image-preview":"max-image-preview:large","max-video-preview":"max-video-preview:-1"},"canonical":"https:\/\/omamorispirit.com\/fr\/shop\/protection\/good-fortune\/zodiac-omamori-good-luck-charm-naritasan-fudoson\/","og_locale":"fr_FR","og_type":"article","og_title":"Zodiac Omamori | Good Luck Charm | Naritasan Fudoson","og_description":"Authentic Japanese Zodiac omamori from Osaka Naritasan Fudoson Temple. Prayers for good fortune. Perfect spiritual amulets to carry with you.","og_url":"https:\/\/omamorispirit.com\/fr\/shop\/protection\/good-fortune\/zodiac-omamori-good-luck-charm-naritasan-fudoson\/","og_site_name":"Omamori Spirit","article_modified_time":"2025-10-03T03:24:38+00:00","og_image":[{"width":620,"height":620,"url":"https:\/\/omamorispirit.com\/wp-content\/uploads\/2025\/09\/1027153140-6178f24cb975f.jpg","type":"image\/jpeg"}],"twitter_card":"summary_large_image","twitter_misc":{"Dur\u00e9e de lecture estim\u00e9e":"1 minute"},"schema":{"@context":"https:\/\/schema.org","@graph":[{"@type":"WebPage","@id":"https:\/\/omamorispirit.com\/en\/shop\/protection\/good-fortune\/zodiac-omamori-good-luck-charm-naritasan-fudoson\/","url":"https:\/\/omamorispirit.com\/en\/shop\/protection\/good-fortune\/zodiac-omamori-good-luck-charm-naritasan-fudoson\/","name":"ZODIAC OMAMORI | CHARME DE CHANCE | NARITASAN FUDOSON","isPartOf":{"@id":"https:\/\/lemonchiffon-partridge-879114.hostingersite.com\/en\/#website"},"primaryImageOfPage":{"@id":"https:\/\/omamorispirit.com\/en\/shop\/protection\/good-fortune\/zodiac-omamori-good-luck-charm-naritasan-fudoson\/#primaryimage"},"image":{"@id":"https:\/\/omamorispirit.com\/en\/shop\/protection\/good-fortune\/zodiac-omamori-good-luck-charm-naritasan-fudoson\/#primaryimage"},"thumbnailUrl":"https:\/\/omamorispirit.com\/wp-content\/uploads\/2025\/09\/1027153140-6178f24cb975f.jpg","datePublished":"2025-09-10T12:28:18+00:00","dateModified":"2025-10-03T03:24:38+00:00","description":"Authentic Japanese Zodiac omamori from Osaka Naritasan Fudoson Temple. Prayers for good fortune. Perfect spiritual amulets to carry with you.","breadcrumb":{"@id":"https:\/\/omamorispirit.com\/en\/shop\/protection\/good-fortune\/zodiac-omamori-good-luck-charm-naritasan-fudoson\/#breadcrumb"},"inLanguage":"fr-FR","potentialAction":[{"@type":"ReadAction","target":["https:\/\/omamorispirit.com\/en\/shop\/protection\/good-fortune\/zodiac-omamori-good-luck-charm-naritasan-fudoson\/"]}]},{"@type":"ImageObject","inLanguage":"fr-FR","@id":"https:\/\/omamorispirit.com\/en\/shop\/protection\/good-fortune\/zodiac-omamori-good-luck-charm-naritasan-fudoson\/#primaryimage","url":"https:\/\/omamorispirit.com\/wp-content\/uploads\/2025\/09\/1027153140-6178f24cb975f.jpg","contentUrl":"https:\/\/omamorispirit.com\/wp-content\/uploads\/2025\/09\/1027153140-6178f24cb975f.jpg","width":620,"height":620,"caption":"A collection of twelve colorful omamori charms, each featuring a different animal from the Japanese zodiac. The charms are arranged in a row against a simple background."},{"@type":"BreadcrumbList","@id":"https:\/\/omamorispirit.com\/en\/shop\/protection\/good-fortune\/zodiac-omamori-good-luck-charm-naritasan-fudoson\/#breadcrumb","itemListElement":[{"@type":"ListItem","position":1,"name":"Home","item":"https:\/\/lemonchiffon-partridge-879114.hostingersite.com\/en\/"},{"@type":"ListItem","position":2,"name":"Shop","item":"https:\/\/omamorispirit.com\/en\/shop\/"},{"@type":"ListItem","position":3,"name":"Zodiac Omamori | Good Luck Charm | Naritasan Fudoson"}]},{"@type":"WebSite","@id":"https:\/\/lemonchiffon-partridge-879114.hostingersite.com\/en\/#website","url":"https:\/\/lemonchiffon-partridge-879114.hostingersite.com\/en\/","name":"Omamori Spirit","description":"Authentic Japanese amulets for modern life","publisher":{"@id":"https:\/\/lemonchiffon-partridge-879114.hostingersite.com\/en\/#organization"},"potentialAction":[{"@type":"SearchAction","target":{"@type":"EntryPoint","urlTemplate":"https:\/\/lemonchiffon-partridge-879114.hostingersite.com\/en\/?s={search_term_string}"},"query-input":{"@type":"PropertyValueSpecification","valueRequired":true,"valueName":"search_term_string"}}],"inLanguage":"fr-FR"},{"@type":"Organization","@id":"https:\/\/lemonchiffon-partridge-879114.hostingersite.com\/en\/#organization","name":"Omamori Spirit","url":"https:\/\/lemonchiffon-partridge-879114.hostingersite.com\/en\/","logo":{"@type":"ImageObject","inLanguage":"fr-FR","@id":"https:\/\/lemonchiffon-partridge-879114.hostingersite.com\/en\/#\/schema\/logo\/image\/","url":"https:\/\/omamorispirit.com\/wp-content\/uploads\/2025\/09\/logo-omamori-spirit.png","contentUrl":"https:\/\/omamorispirit.com\/wp-content\/uploads\/2025\/09\/logo-omamori-spirit.png","width":287,"height":277,"caption":"Omamori Spirit"},"image":{"@id":"https:\/\/lemonchiffon-partridge-879114.hostingersite.com\/en\/#\/schema\/logo\/image\/"}}]}},"_links":{"self":[{"href":"https:\/\/omamorispirit.com\/fr\/wp-json\/wp\/v2\/product\/782","targetHints":{"allow":["GET"]}}],"collection":[{"href":"https:\/\/omamorispirit.com\/fr\/wp-json\/wp\/v2\/product"}],"about":[{"href":"https:\/\/omamorispirit.com\/fr\/wp-json\/wp\/v2\/types\/product"}],"replies":[{"embeddable":true,"href":"https:\/\/omamorispirit.com\/fr\/wp-json\/wp\/v2\/comments?post=782"}],"wp:featuredmedia":[{"embeddable":true,"href":"https:\/\/omamorispirit.com\/fr\/wp-json\/wp\/v2\/media\/797"}],"wp:attachment":[{"href":"https:\/\/omamorispirit.com\/fr\/wp-json\/wp\/v2\/media?parent=782"}],"wp:term":[{"taxonomy":"product_brand","embeddable":true,"href":"https:\/\/omamorispirit.com\/fr\/wp-json\/wp\/v2\/product_brand?post=782"},{"taxonomy":"product_cat","embeddable":true,"href":"https:\/\/omamorispirit.com\/fr\/wp-json\/wp\/v2\/product_cat?post=782"},{"taxonomy":"product_tag","embeddable":true,"href":"https:\/\/omamorispirit.com\/fr\/wp-json\/wp\/v2\/product_tag?post=782"}],"curies":[{"name":"wp","href":"https:\/\/api.w.org\/{rel}","templated":true}]}}