{"id":810,"date":"2025-09-10T13:09:44","date_gmt":"2025-09-10T13:09:44","guid":{"rendered":"https:\/\/omamorispirit.com\/?post_type=product&#038;p=810"},"modified":"2026-03-11T04:03:13","modified_gmt":"2026-03-11T04:03:13","slug":"gakugyo-omamori-academic-growth-charm-naritasan-fudoson","status":"publish","type":"product","link":"https:\/\/omamorispirit.com\/fr\/shop\/protection\/career-academics\/gakugyo-omamori-academic-growth-charm-naritasan-fudoson\/","title":{"rendered":"Gakugyo Omamori | Charme pour la r\u00e9ussite scholaire | Naritasan Fudoson"},"content":{"rendered":"<h3>Gakugyo Mamori<\/h3>\n<p class=\"translation-block\">Ce magnifique <b>Gakugyo Mamori<\/b> est l\u2019<b>amulette japonaise<\/b> parfaite pour souhaiter la r\u00e9ussite acad\u00e9mique. C\u2019est un <b>omamori<\/b> sp\u00e9cial pour les \u00e9tudiants. On pense qu\u2019il apporte de la chance dans les \u00e9tudes et les examens. Le <b>charme<\/b> repr\u00e9sente le savoir et la sagesse. Il guide ceux qui suivent leur parcours \u00e9ducatif. Confectionn\u00e9 selon la tradition des <b>omamori japonais<\/b>, le <b>Gakugyo Mamori<\/b> est un <b>charme<\/b> pr\u00e9cieux. Il est parfait pour toute personne passant un examen.<\/p>\n<p>&nbsp;<\/p>","protected":false},"excerpt":{"rendered":"<p>Gakugyo Mamori This beautiful Gakugyo Mamori is the perfect Japanese amulet to wish for academic success. It&#8217;s a special omamorifor students. It is believed to bring good fortune in studies and exams. The charm represents knowledge and wisdom. It guides those on their educational path. Made in the tradition of Japanese omamori, the Gakugyo Mamori [&hellip;]<\/p>\n","protected":false},"featured_media":812,"comment_status":"open","ping_status":"closed","template":"","meta":{"_acf_changed":false},"product_brand":[],"product_cat":[47,25],"product_tag":[87,90,91,88,52,89,49,54,50,38],"class_list":{"0":"post-810","1":"product","2":"type-product","3":"status-publish","4":"has-post-thumbnail","6":"product_cat-career-academics","7":"product_cat-protection","8":"product_tag-academic-success","9":"product_tag-college","10":"product_tag-master-degree","11":"product_tag-passing-exams","12":"product_tag-school","13":"product_tag-study","14":"product_tag-success","15":"product_tag-university","16":"product_tag-work","17":"product_tag-yellow","19":"first","20":"instock","21":"shipping-taxable","22":"purchasable","23":"product-type-simple"},"acf":[],"yoast_head":"<!-- This site is optimized with the Yoast SEO plugin v27.5 - https:\/\/yoast.com\/product\/yoast-seo-wordpress\/ -->\n<title>Gakugyo Omamori | Academic Growth Charm | Naritasan Fudoson<\/title>\n<meta name=\"description\" content=\"Authentic Japanese omamori from Osaka Naritasan Fudoson Temple. Prayers for academic success and passing exams. Perfect spiritual amulet to carry with you.\" \/>\n<meta name=\"robots\" content=\"index, follow, max-snippet:-1, max-image-preview:large, max-video-preview:-1\" \/>\n<link rel=\"canonical\" href=\"https:\/\/omamorispirit.com\/fr\/shop\/protection\/career-academics\/gakugyo-omamori-academic-growth-charm-naritasan-fudoson\/\" \/>\n<meta property=\"og:locale\" content=\"fr_FR\" \/>\n<meta property=\"og:type\" content=\"article\" \/>\n<meta property=\"og:title\" content=\"Gakugyo Omamori | Academic Growth Charm | Naritasan Fudoson\" \/>\n<meta property=\"og:description\" content=\"Authentic Japanese omamori from Osaka Naritasan Fudoson Temple. Prayers for academic success and passing exams. Perfect spiritual amulet to carry with you.\" \/>\n<meta property=\"og:url\" content=\"https:\/\/omamorispirit.com\/fr\/shop\/protection\/career-academics\/gakugyo-omamori-academic-growth-charm-naritasan-fudoson\/\" \/>\n<meta property=\"og:site_name\" content=\"Omamori Spirit\" \/>\n<meta property=\"article:modified_time\" content=\"2026-03-11T04:03:13+00:00\" \/>\n<meta property=\"og:image\" content=\"https:\/\/omamorispirit.com\/wp-content\/uploads\/2025\/09\/gakugyo-omamori.jpg\" \/>\n\t<meta property=\"og:image:width\" content=\"500\" \/>\n\t<meta property=\"og:image:height\" content=\"501\" \/>\n\t<meta property=\"og:image:type\" content=\"image\/jpeg\" \/>\n<meta name=\"twitter:card\" content=\"summary_large_image\" \/>\n<meta name=\"twitter:label1\" content=\"Dur\u00e9e de lecture estim\u00e9e\" \/>\n\t<meta name=\"twitter:data1\" content=\"1 minute\" \/>\n<script type=\"application\/ld+json\" class=\"yoast-schema-graph\">{\"@context\":\"https:\\\/\\\/schema.org\",\"@graph\":[{\"@type\":\"WebPage\",\"@id\":\"https:\\\/\\\/omamorispirit.com\\\/shop\\\/protection\\\/career-academics\\\/gakugyo-omamori-academic-growth-charm-naritasan-fudoson\\\/\",\"url\":\"https:\\\/\\\/omamorispirit.com\\\/shop\\\/protection\\\/career-academics\\\/gakugyo-omamori-academic-growth-charm-naritasan-fudoson\\\/\",\"name\":\"Gakugyo Omamori | Academic Growth Charm | Naritasan Fudoson\",\"isPartOf\":{\"@id\":\"https:\\\/\\\/lemonchiffon-partridge-879114.hostingersite.com\\\/en\\\/#website\"},\"primaryImageOfPage\":{\"@id\":\"https:\\\/\\\/omamorispirit.com\\\/shop\\\/protection\\\/career-academics\\\/gakugyo-omamori-academic-growth-charm-naritasan-fudoson\\\/#primaryimage\"},\"image\":{\"@id\":\"https:\\\/\\\/omamorispirit.com\\\/shop\\\/protection\\\/career-academics\\\/gakugyo-omamori-academic-growth-charm-naritasan-fudoson\\\/#primaryimage\"},\"thumbnailUrl\":\"https:\\\/\\\/omamorispirit.com\\\/wp-content\\\/uploads\\\/2025\\\/09\\\/gakugyo-omamori.jpg\",\"datePublished\":\"2025-09-10T13:09:44+00:00\",\"dateModified\":\"2026-03-11T04:03:13+00:00\",\"description\":\"Authentic Japanese omamori from Osaka Naritasan Fudoson Temple. Prayers for academic success and passing exams. Perfect spiritual amulet to carry with you.\",\"breadcrumb\":{\"@id\":\"https:\\\/\\\/omamorispirit.com\\\/shop\\\/protection\\\/career-academics\\\/gakugyo-omamori-academic-growth-charm-naritasan-fudoson\\\/#breadcrumb\"},\"inLanguage\":\"fr-FR\",\"potentialAction\":[{\"@type\":\"ReadAction\",\"target\":[\"https:\\\/\\\/omamorispirit.com\\\/shop\\\/protection\\\/career-academics\\\/gakugyo-omamori-academic-growth-charm-naritasan-fudoson\\\/\"]}]},{\"@type\":\"ImageObject\",\"inLanguage\":\"fr-FR\",\"@id\":\"https:\\\/\\\/omamorispirit.com\\\/shop\\\/protection\\\/career-academics\\\/gakugyo-omamori-academic-growth-charm-naritasan-fudoson\\\/#primaryimage\",\"url\":\"https:\\\/\\\/omamorispirit.com\\\/wp-content\\\/uploads\\\/2025\\\/09\\\/gakugyo-omamori.jpg\",\"contentUrl\":\"https:\\\/\\\/omamorispirit.com\\\/wp-content\\\/uploads\\\/2025\\\/09\\\/gakugyo-omamori.jpg\",\"width\":500,\"height\":501,\"caption\":\"A white, rectangular omamori charm with a dark blue border. The kanji for \\\"Gakugyo Mamori\\\" are written in red in the center. A golden chrysanthemum emblem is at the top\"},{\"@type\":\"BreadcrumbList\",\"@id\":\"https:\\\/\\\/omamorispirit.com\\\/shop\\\/protection\\\/career-academics\\\/gakugyo-omamori-academic-growth-charm-naritasan-fudoson\\\/#breadcrumb\",\"itemListElement\":[{\"@type\":\"ListItem\",\"position\":1,\"name\":\"Home\",\"item\":\"https:\\\/\\\/lemonchiffon-partridge-879114.hostingersite.com\\\/en\\\/\"},{\"@type\":\"ListItem\",\"position\":2,\"name\":\"Shop\",\"item\":\"https:\\\/\\\/omamorispirit.com\\\/en\\\/shop\\\/\"},{\"@type\":\"ListItem\",\"position\":3,\"name\":\"Gakugyo Omamori | Academic Growth Charm | Naritasan Fudoson\"}]},{\"@type\":\"WebSite\",\"@id\":\"https:\\\/\\\/lemonchiffon-partridge-879114.hostingersite.com\\\/en\\\/#website\",\"url\":\"https:\\\/\\\/lemonchiffon-partridge-879114.hostingersite.com\\\/en\\\/\",\"name\":\"Omamori Spirit\",\"description\":\"Authentic Japanese amulets for modern life\",\"publisher\":{\"@id\":\"https:\\\/\\\/lemonchiffon-partridge-879114.hostingersite.com\\\/en\\\/#organization\"},\"potentialAction\":[{\"@type\":\"SearchAction\",\"target\":{\"@type\":\"EntryPoint\",\"urlTemplate\":\"https:\\\/\\\/lemonchiffon-partridge-879114.hostingersite.com\\\/en\\\/?s={search_term_string}\"},\"query-input\":{\"@type\":\"PropertyValueSpecification\",\"valueRequired\":true,\"valueName\":\"search_term_string\"}}],\"inLanguage\":\"fr-FR\"},{\"@type\":\"Organization\",\"@id\":\"https:\\\/\\\/lemonchiffon-partridge-879114.hostingersite.com\\\/en\\\/#organization\",\"name\":\"Omamori Spirit\",\"url\":\"https:\\\/\\\/lemonchiffon-partridge-879114.hostingersite.com\\\/en\\\/\",\"logo\":{\"@type\":\"ImageObject\",\"inLanguage\":\"fr-FR\",\"@id\":\"https:\\\/\\\/lemonchiffon-partridge-879114.hostingersite.com\\\/en\\\/#\\\/schema\\\/logo\\\/image\\\/\",\"url\":\"https:\\\/\\\/omamorispirit.com\\\/wp-content\\\/uploads\\\/2025\\\/09\\\/logo-omamori-spirit.png\",\"contentUrl\":\"https:\\\/\\\/omamorispirit.com\\\/wp-content\\\/uploads\\\/2025\\\/09\\\/logo-omamori-spirit.png\",\"width\":287,\"height\":277,\"caption\":\"Omamori Spirit\"},\"image\":{\"@id\":\"https:\\\/\\\/lemonchiffon-partridge-879114.hostingersite.com\\\/en\\\/#\\\/schema\\\/logo\\\/image\\\/\"}}]}<\/script>\n<!-- \/ Yoast SEO plugin. -->","yoast_head_json":{"title":"Gakugyo Omamori | Charme pour la r\u00e9ussite scholaire | Naritasan Fudoson","description":"Authentic Japanese omamori from Osaka Naritasan Fudoson Temple. Prayers for academic success and passing exams. Perfect spiritual amulet to carry with you.","robots":{"index":"index","follow":"follow","max-snippet":"max-snippet:-1","max-image-preview":"max-image-preview:large","max-video-preview":"max-video-preview:-1"},"canonical":"https:\/\/omamorispirit.com\/fr\/shop\/protection\/career-academics\/gakugyo-omamori-academic-growth-charm-naritasan-fudoson\/","og_locale":"fr_FR","og_type":"article","og_title":"Gakugyo Omamori | Academic Growth Charm | Naritasan Fudoson","og_description":"Authentic Japanese omamori from Osaka Naritasan Fudoson Temple. Prayers for academic success and passing exams. Perfect spiritual amulet to carry with you.","og_url":"https:\/\/omamorispirit.com\/fr\/shop\/protection\/career-academics\/gakugyo-omamori-academic-growth-charm-naritasan-fudoson\/","og_site_name":"Omamori Spirit","article_modified_time":"2026-03-11T04:03:13+00:00","og_image":[{"width":500,"height":501,"url":"https:\/\/omamorispirit.com\/wp-content\/uploads\/2025\/09\/gakugyo-omamori.jpg","type":"image\/jpeg"}],"twitter_card":"summary_large_image","twitter_misc":{"Dur\u00e9e de lecture estim\u00e9e":"1 minute"},"schema":{"@context":"https:\/\/schema.org","@graph":[{"@type":"WebPage","@id":"https:\/\/omamorispirit.com\/shop\/protection\/career-academics\/gakugyo-omamori-academic-growth-charm-naritasan-fudoson\/","url":"https:\/\/omamorispirit.com\/shop\/protection\/career-academics\/gakugyo-omamori-academic-growth-charm-naritasan-fudoson\/","name":"Gakugyo Omamori | Charme pour la r\u00e9ussite scholaire | Naritasan Fudoson","isPartOf":{"@id":"https:\/\/lemonchiffon-partridge-879114.hostingersite.com\/en\/#website"},"primaryImageOfPage":{"@id":"https:\/\/omamorispirit.com\/shop\/protection\/career-academics\/gakugyo-omamori-academic-growth-charm-naritasan-fudoson\/#primaryimage"},"image":{"@id":"https:\/\/omamorispirit.com\/shop\/protection\/career-academics\/gakugyo-omamori-academic-growth-charm-naritasan-fudoson\/#primaryimage"},"thumbnailUrl":"https:\/\/omamorispirit.com\/wp-content\/uploads\/2025\/09\/gakugyo-omamori.jpg","datePublished":"2025-09-10T13:09:44+00:00","dateModified":"2026-03-11T04:03:13+00:00","description":"Authentic Japanese omamori from Osaka Naritasan Fudoson Temple. Prayers for academic success and passing exams. Perfect spiritual amulet to carry with you.","breadcrumb":{"@id":"https:\/\/omamorispirit.com\/shop\/protection\/career-academics\/gakugyo-omamori-academic-growth-charm-naritasan-fudoson\/#breadcrumb"},"inLanguage":"fr-FR","potentialAction":[{"@type":"ReadAction","target":["https:\/\/omamorispirit.com\/shop\/protection\/career-academics\/gakugyo-omamori-academic-growth-charm-naritasan-fudoson\/"]}]},{"@type":"ImageObject","inLanguage":"fr-FR","@id":"https:\/\/omamorispirit.com\/shop\/protection\/career-academics\/gakugyo-omamori-academic-growth-charm-naritasan-fudoson\/#primaryimage","url":"https:\/\/omamorispirit.com\/wp-content\/uploads\/2025\/09\/gakugyo-omamori.jpg","contentUrl":"https:\/\/omamorispirit.com\/wp-content\/uploads\/2025\/09\/gakugyo-omamori.jpg","width":500,"height":501,"caption":"A white, rectangular omamori charm with a dark blue border. The kanji for \"Gakugyo Mamori\" are written in red in the center. A golden chrysanthemum emblem is at the top"},{"@type":"BreadcrumbList","@id":"https:\/\/omamorispirit.com\/shop\/protection\/career-academics\/gakugyo-omamori-academic-growth-charm-naritasan-fudoson\/#breadcrumb","itemListElement":[{"@type":"ListItem","position":1,"name":"Home","item":"https:\/\/lemonchiffon-partridge-879114.hostingersite.com\/en\/"},{"@type":"ListItem","position":2,"name":"Shop","item":"https:\/\/omamorispirit.com\/en\/shop\/"},{"@type":"ListItem","position":3,"name":"Gakugyo Omamori | Academic Growth Charm | Naritasan Fudoson"}]},{"@type":"WebSite","@id":"https:\/\/lemonchiffon-partridge-879114.hostingersite.com\/en\/#website","url":"https:\/\/lemonchiffon-partridge-879114.hostingersite.com\/en\/","name":"Omamori Spirit","description":"Authentic Japanese amulets for modern life","publisher":{"@id":"https:\/\/lemonchiffon-partridge-879114.hostingersite.com\/en\/#organization"},"potentialAction":[{"@type":"SearchAction","target":{"@type":"EntryPoint","urlTemplate":"https:\/\/lemonchiffon-partridge-879114.hostingersite.com\/en\/?s={search_term_string}"},"query-input":{"@type":"PropertyValueSpecification","valueRequired":true,"valueName":"search_term_string"}}],"inLanguage":"fr-FR"},{"@type":"Organization","@id":"https:\/\/lemonchiffon-partridge-879114.hostingersite.com\/en\/#organization","name":"Omamori Spirit","url":"https:\/\/lemonchiffon-partridge-879114.hostingersite.com\/en\/","logo":{"@type":"ImageObject","inLanguage":"fr-FR","@id":"https:\/\/lemonchiffon-partridge-879114.hostingersite.com\/en\/#\/schema\/logo\/image\/","url":"https:\/\/omamorispirit.com\/wp-content\/uploads\/2025\/09\/logo-omamori-spirit.png","contentUrl":"https:\/\/omamorispirit.com\/wp-content\/uploads\/2025\/09\/logo-omamori-spirit.png","width":287,"height":277,"caption":"Omamori Spirit"},"image":{"@id":"https:\/\/lemonchiffon-partridge-879114.hostingersite.com\/en\/#\/schema\/logo\/image\/"}}]}},"_links":{"self":[{"href":"https:\/\/omamorispirit.com\/fr\/wp-json\/wp\/v2\/product\/810","targetHints":{"allow":["GET"]}}],"collection":[{"href":"https:\/\/omamorispirit.com\/fr\/wp-json\/wp\/v2\/product"}],"about":[{"href":"https:\/\/omamorispirit.com\/fr\/wp-json\/wp\/v2\/types\/product"}],"replies":[{"embeddable":true,"href":"https:\/\/omamorispirit.com\/fr\/wp-json\/wp\/v2\/comments?post=810"}],"wp:featuredmedia":[{"embeddable":true,"href":"https:\/\/omamorispirit.com\/fr\/wp-json\/wp\/v2\/media\/812"}],"wp:attachment":[{"href":"https:\/\/omamorispirit.com\/fr\/wp-json\/wp\/v2\/media?parent=810"}],"wp:term":[{"taxonomy":"product_brand","embeddable":true,"href":"https:\/\/omamorispirit.com\/fr\/wp-json\/wp\/v2\/product_brand?post=810"},{"taxonomy":"product_cat","embeddable":true,"href":"https:\/\/omamorispirit.com\/fr\/wp-json\/wp\/v2\/product_cat?post=810"},{"taxonomy":"product_tag","embeddable":true,"href":"https:\/\/omamorispirit.com\/fr\/wp-json\/wp\/v2\/product_tag?post=810"}],"curies":[{"name":"wp","href":"https:\/\/api.w.org\/{rel}","templated":true}]}}