{"id":879,"date":"2025-09-27T06:38:33","date_gmt":"2025-09-27T06:38:33","guid":{"rendered":"https:\/\/omamorispirit.com\/?post_type=product&#038;p=879"},"modified":"2025-11-01T15:11:18","modified_gmt":"2025-11-01T15:11:18","slug":"osugata-omamori-comprehensive-charm-hasedera-kamakura","status":"publish","type":"product","link":"https:\/\/omamorispirit.com\/fr\/shop\/protection\/good-fortune\/osugata-omamori-comprehensive-charm-hasedera-kamakura\/","title":{"rendered":"Osugata Omamori | Charme complet | Hasedera Kamakura"},"content":{"rendered":"<h3>Osugata Omamori<\/h3>\n<p class=\"translation-block\">Ce magnifique <b>omamori<\/b> est un <b>charme<\/b> sacr\u00e9. Il contient la figure d\u2019une divinit\u00e9. Le design de l\u2019amulette rend hommage au Bodhisattva Kannon. Cette <b>amulette japonaise<\/b> offre une protection compl\u00e8te. Elle aide \u00e0 maintenir une bonne sant\u00e9. Elle contribue \u00e9galement \u00e0 la s\u00e9curit\u00e9 de la famille. Ce <b>charme<\/b> agit comme un substitut pour votre corps. Il vous prot\u00e8ge des dangers. Cette amulette aide \u00e0 r\u00e9aliser tous vos souhaits.<\/p>\n<p class=\"translation-block\">Cette \u00e9l\u00e9gante <b>amulette<\/b> est tr\u00e8s bien con\u00e7ue. Elle comporte une figure de ton dor\u00e9. Cette figure est sur un beau tissu vert. L\u2019ensemble est scell\u00e9 dans une pochette en plastique rigide. Elle est facile \u00e0 transporter avec vous. Elle est fournie avec une cordelette tress\u00e9e. Vous pouvez l\u2019attacher solidement \u00e0 votre sac.<\/p>","protected":false},"excerpt":{"rendered":"<p>Osugata Omamori This beautiful omamori is a sacred charm. It holds the figure of a deity. The amulet&#8217;s design honors Kannon Bodhisattva. This Japanese amulet provides comprehensive protection. It helps bring good health. It also helps ensure family safety. This charm is a proxy for your body. It protects you from harm. This amulet helps [&hellip;]<\/p>\n","protected":false},"featured_media":1243,"comment_status":"open","ping_status":"closed","template":"","meta":{"_acf_changed":false},"product_brand":[],"product_cat":[32,27,29,25,28],"product_tag":[106,103,105,98,104],"class_list":{"0":"post-879","1":"product","2":"type-product","3":"status-publish","4":"has-post-thumbnail","6":"product_cat-family-safety","7":"product_cat-good-fortune","8":"product_cat-good-health","9":"product_cat-protection","10":"product_cat-traffic-safety","11":"product_tag-enoshima","12":"product_tag-family","13":"product_tag-kamakura","14":"product_tag-luck","15":"product_tag-taffic","17":"first","18":"instock","19":"shipping-taxable","20":"purchasable","21":"product-type-simple"},"acf":[],"yoast_head":"<!-- This site is optimized with the Yoast SEO plugin v27.5 - https:\/\/yoast.com\/product\/yoast-seo-wordpress\/ -->\n<title>Osugata Omamori | Comprehensive Charm | Hasedera Kamakura<\/title>\n<meta name=\"description\" content=\"Authentic Japanese omamori from Kamakura Hasedera Temple. Prayers for Good health, Family safety, Fulfillment of wishes, Proxy for one&#039;s body. Perfect spiritual amulet to carry with you.\" \/>\n<meta name=\"robots\" content=\"index, follow, max-snippet:-1, max-image-preview:large, max-video-preview:-1\" \/>\n<link rel=\"canonical\" href=\"https:\/\/omamorispirit.com\/fr\/shop\/protection\/good-fortune\/osugata-omamori-comprehensive-charm-hasedera-kamakura\/\" \/>\n<meta property=\"og:locale\" content=\"fr_FR\" \/>\n<meta property=\"og:type\" content=\"article\" \/>\n<meta property=\"og:title\" content=\"Osugata Omamori | Comprehensive Charm | Hasedera Kamakura\" \/>\n<meta property=\"og:description\" content=\"Authentic Japanese omamori from Kamakura Hasedera Temple. Prayers for Good health, Family safety, Fulfillment of wishes, Proxy for one&#039;s body. Perfect spiritual amulet to carry with you.\" \/>\n<meta property=\"og:url\" content=\"https:\/\/omamorispirit.com\/fr\/shop\/protection\/good-fortune\/osugata-omamori-comprehensive-charm-hasedera-kamakura\/\" \/>\n<meta property=\"og:site_name\" content=\"Omamori Spirit\" \/>\n<meta property=\"article:modified_time\" content=\"2025-11-01T15:11:18+00:00\" \/>\n<meta property=\"og:image\" content=\"https:\/\/omamorispirit.com\/wp-content\/uploads\/2025\/10\/fit-cover-w-920-h-1104-853x1024-1.png\" \/>\n\t<meta property=\"og:image:width\" content=\"2000\" \/>\n\t<meta property=\"og:image:height\" content=\"2000\" \/>\n\t<meta property=\"og:image:type\" content=\"image\/png\" \/>\n<meta name=\"twitter:card\" content=\"summary_large_image\" \/>\n<meta name=\"twitter:label1\" content=\"Dur\u00e9e de lecture estim\u00e9e\" \/>\n\t<meta name=\"twitter:data1\" content=\"1 minute\" \/>\n<script type=\"application\/ld+json\" class=\"yoast-schema-graph\">{\"@context\":\"https:\\\/\\\/schema.org\",\"@graph\":[{\"@type\":\"WebPage\",\"@id\":\"https:\\\/\\\/omamorispirit.com\\\/en\\\/shop\\\/protection\\\/good-fortune\\\/osugata-omamori-comprehensive-charm-hasedera-kamakura\\\/\",\"url\":\"https:\\\/\\\/omamorispirit.com\\\/en\\\/shop\\\/protection\\\/good-fortune\\\/osugata-omamori-comprehensive-charm-hasedera-kamakura\\\/\",\"name\":\"Osugata Omamori | Comprehensive Charm | Hasedera Kamakura\",\"isPartOf\":{\"@id\":\"https:\\\/\\\/lemonchiffon-partridge-879114.hostingersite.com\\\/en\\\/#website\"},\"primaryImageOfPage\":{\"@id\":\"https:\\\/\\\/omamorispirit.com\\\/en\\\/shop\\\/protection\\\/good-fortune\\\/osugata-omamori-comprehensive-charm-hasedera-kamakura\\\/#primaryimage\"},\"image\":{\"@id\":\"https:\\\/\\\/omamorispirit.com\\\/en\\\/shop\\\/protection\\\/good-fortune\\\/osugata-omamori-comprehensive-charm-hasedera-kamakura\\\/#primaryimage\"},\"thumbnailUrl\":\"https:\\\/\\\/omamorispirit.com\\\/wp-content\\\/uploads\\\/2025\\\/10\\\/fit-cover-w-920-h-1104-853x1024-1.png\",\"datePublished\":\"2025-09-27T06:38:33+00:00\",\"dateModified\":\"2025-11-01T15:11:18+00:00\",\"description\":\"Authentic Japanese omamori from Kamakura Hasedera Temple. Prayers for Good health, Family safety, Fulfillment of wishes, Proxy for one's body. Perfect spiritual amulet to carry with you.\",\"breadcrumb\":{\"@id\":\"https:\\\/\\\/omamorispirit.com\\\/en\\\/shop\\\/protection\\\/good-fortune\\\/osugata-omamori-comprehensive-charm-hasedera-kamakura\\\/#breadcrumb\"},\"inLanguage\":\"fr-FR\",\"potentialAction\":[{\"@type\":\"ReadAction\",\"target\":[\"https:\\\/\\\/omamorispirit.com\\\/en\\\/shop\\\/protection\\\/good-fortune\\\/osugata-omamori-comprehensive-charm-hasedera-kamakura\\\/\"]}]},{\"@type\":\"ImageObject\",\"inLanguage\":\"fr-FR\",\"@id\":\"https:\\\/\\\/omamorispirit.com\\\/en\\\/shop\\\/protection\\\/good-fortune\\\/osugata-omamori-comprehensive-charm-hasedera-kamakura\\\/#primaryimage\",\"url\":\"https:\\\/\\\/omamorispirit.com\\\/wp-content\\\/uploads\\\/2025\\\/10\\\/fit-cover-w-920-h-1104-853x1024-1.png\",\"contentUrl\":\"https:\\\/\\\/omamorispirit.com\\\/wp-content\\\/uploads\\\/2025\\\/10\\\/fit-cover-w-920-h-1104-853x1024-1.png\",\"width\":2000,\"height\":2000,\"caption\":\"Green Japanese Omamori in a clear protective plastic sleeve with gold embroidered Kanji text and a white rope.\"},{\"@type\":\"BreadcrumbList\",\"@id\":\"https:\\\/\\\/omamorispirit.com\\\/en\\\/shop\\\/protection\\\/good-fortune\\\/osugata-omamori-comprehensive-charm-hasedera-kamakura\\\/#breadcrumb\",\"itemListElement\":[{\"@type\":\"ListItem\",\"position\":1,\"name\":\"Home\",\"item\":\"https:\\\/\\\/lemonchiffon-partridge-879114.hostingersite.com\\\/en\\\/\"},{\"@type\":\"ListItem\",\"position\":2,\"name\":\"Shop\",\"item\":\"https:\\\/\\\/omamorispirit.com\\\/en\\\/shop\\\/\"},{\"@type\":\"ListItem\",\"position\":3,\"name\":\"Osugata Omamori | Comprehensive Charm | Hasedera Kamakura\"}]},{\"@type\":\"WebSite\",\"@id\":\"https:\\\/\\\/lemonchiffon-partridge-879114.hostingersite.com\\\/en\\\/#website\",\"url\":\"https:\\\/\\\/lemonchiffon-partridge-879114.hostingersite.com\\\/en\\\/\",\"name\":\"Omamori Spirit\",\"description\":\"Authentic Japanese amulets for modern life\",\"publisher\":{\"@id\":\"https:\\\/\\\/lemonchiffon-partridge-879114.hostingersite.com\\\/en\\\/#organization\"},\"potentialAction\":[{\"@type\":\"SearchAction\",\"target\":{\"@type\":\"EntryPoint\",\"urlTemplate\":\"https:\\\/\\\/lemonchiffon-partridge-879114.hostingersite.com\\\/en\\\/?s={search_term_string}\"},\"query-input\":{\"@type\":\"PropertyValueSpecification\",\"valueRequired\":true,\"valueName\":\"search_term_string\"}}],\"inLanguage\":\"fr-FR\"},{\"@type\":\"Organization\",\"@id\":\"https:\\\/\\\/lemonchiffon-partridge-879114.hostingersite.com\\\/en\\\/#organization\",\"name\":\"Omamori Spirit\",\"url\":\"https:\\\/\\\/lemonchiffon-partridge-879114.hostingersite.com\\\/en\\\/\",\"logo\":{\"@type\":\"ImageObject\",\"inLanguage\":\"fr-FR\",\"@id\":\"https:\\\/\\\/lemonchiffon-partridge-879114.hostingersite.com\\\/en\\\/#\\\/schema\\\/logo\\\/image\\\/\",\"url\":\"https:\\\/\\\/omamorispirit.com\\\/wp-content\\\/uploads\\\/2025\\\/09\\\/logo-omamori-spirit.png\",\"contentUrl\":\"https:\\\/\\\/omamorispirit.com\\\/wp-content\\\/uploads\\\/2025\\\/09\\\/logo-omamori-spirit.png\",\"width\":287,\"height\":277,\"caption\":\"Omamori Spirit\"},\"image\":{\"@id\":\"https:\\\/\\\/lemonchiffon-partridge-879114.hostingersite.com\\\/en\\\/#\\\/schema\\\/logo\\\/image\\\/\"}}]}<\/script>\n<!-- \/ Yoast SEO plugin. -->","yoast_head_json":{"title":"Osugata Omamori | Charme complet | Hasedera Kamakura","description":"Authentic Japanese omamori from Kamakura Hasedera Temple. Prayers for Good health, Family safety, Fulfillment of wishes, Proxy for one's body. Perfect spiritual amulet to carry with you.","robots":{"index":"index","follow":"follow","max-snippet":"max-snippet:-1","max-image-preview":"max-image-preview:large","max-video-preview":"max-video-preview:-1"},"canonical":"https:\/\/omamorispirit.com\/fr\/shop\/protection\/good-fortune\/osugata-omamori-comprehensive-charm-hasedera-kamakura\/","og_locale":"fr_FR","og_type":"article","og_title":"Osugata Omamori | Comprehensive Charm | Hasedera Kamakura","og_description":"Authentic Japanese omamori from Kamakura Hasedera Temple. Prayers for Good health, Family safety, Fulfillment of wishes, Proxy for one's body. Perfect spiritual amulet to carry with you.","og_url":"https:\/\/omamorispirit.com\/fr\/shop\/protection\/good-fortune\/osugata-omamori-comprehensive-charm-hasedera-kamakura\/","og_site_name":"Omamori Spirit","article_modified_time":"2025-11-01T15:11:18+00:00","og_image":[{"width":2000,"height":2000,"url":"https:\/\/omamorispirit.com\/wp-content\/uploads\/2025\/10\/fit-cover-w-920-h-1104-853x1024-1.png","type":"image\/png"}],"twitter_card":"summary_large_image","twitter_misc":{"Dur\u00e9e de lecture estim\u00e9e":"1 minute"},"schema":{"@context":"https:\/\/schema.org","@graph":[{"@type":"WebPage","@id":"https:\/\/omamorispirit.com\/en\/shop\/protection\/good-fortune\/osugata-omamori-comprehensive-charm-hasedera-kamakura\/","url":"https:\/\/omamorispirit.com\/en\/shop\/protection\/good-fortune\/osugata-omamori-comprehensive-charm-hasedera-kamakura\/","name":"Osugata Omamori | Charme complet | Hasedera Kamakura","isPartOf":{"@id":"https:\/\/lemonchiffon-partridge-879114.hostingersite.com\/en\/#website"},"primaryImageOfPage":{"@id":"https:\/\/omamorispirit.com\/en\/shop\/protection\/good-fortune\/osugata-omamori-comprehensive-charm-hasedera-kamakura\/#primaryimage"},"image":{"@id":"https:\/\/omamorispirit.com\/en\/shop\/protection\/good-fortune\/osugata-omamori-comprehensive-charm-hasedera-kamakura\/#primaryimage"},"thumbnailUrl":"https:\/\/omamorispirit.com\/wp-content\/uploads\/2025\/10\/fit-cover-w-920-h-1104-853x1024-1.png","datePublished":"2025-09-27T06:38:33+00:00","dateModified":"2025-11-01T15:11:18+00:00","description":"Authentic Japanese omamori from Kamakura Hasedera Temple. Prayers for Good health, Family safety, Fulfillment of wishes, Proxy for one's body. Perfect spiritual amulet to carry with you.","breadcrumb":{"@id":"https:\/\/omamorispirit.com\/en\/shop\/protection\/good-fortune\/osugata-omamori-comprehensive-charm-hasedera-kamakura\/#breadcrumb"},"inLanguage":"fr-FR","potentialAction":[{"@type":"ReadAction","target":["https:\/\/omamorispirit.com\/en\/shop\/protection\/good-fortune\/osugata-omamori-comprehensive-charm-hasedera-kamakura\/"]}]},{"@type":"ImageObject","inLanguage":"fr-FR","@id":"https:\/\/omamorispirit.com\/en\/shop\/protection\/good-fortune\/osugata-omamori-comprehensive-charm-hasedera-kamakura\/#primaryimage","url":"https:\/\/omamorispirit.com\/wp-content\/uploads\/2025\/10\/fit-cover-w-920-h-1104-853x1024-1.png","contentUrl":"https:\/\/omamorispirit.com\/wp-content\/uploads\/2025\/10\/fit-cover-w-920-h-1104-853x1024-1.png","width":2000,"height":2000,"caption":"Green Japanese Omamori in a clear protective plastic sleeve with gold embroidered Kanji text and a white rope."},{"@type":"BreadcrumbList","@id":"https:\/\/omamorispirit.com\/en\/shop\/protection\/good-fortune\/osugata-omamori-comprehensive-charm-hasedera-kamakura\/#breadcrumb","itemListElement":[{"@type":"ListItem","position":1,"name":"Home","item":"https:\/\/lemonchiffon-partridge-879114.hostingersite.com\/en\/"},{"@type":"ListItem","position":2,"name":"Shop","item":"https:\/\/omamorispirit.com\/en\/shop\/"},{"@type":"ListItem","position":3,"name":"Osugata Omamori | Comprehensive Charm | Hasedera Kamakura"}]},{"@type":"WebSite","@id":"https:\/\/lemonchiffon-partridge-879114.hostingersite.com\/en\/#website","url":"https:\/\/lemonchiffon-partridge-879114.hostingersite.com\/en\/","name":"Omamori Spirit","description":"Authentic Japanese amulets for modern life","publisher":{"@id":"https:\/\/lemonchiffon-partridge-879114.hostingersite.com\/en\/#organization"},"potentialAction":[{"@type":"SearchAction","target":{"@type":"EntryPoint","urlTemplate":"https:\/\/lemonchiffon-partridge-879114.hostingersite.com\/en\/?s={search_term_string}"},"query-input":{"@type":"PropertyValueSpecification","valueRequired":true,"valueName":"search_term_string"}}],"inLanguage":"fr-FR"},{"@type":"Organization","@id":"https:\/\/lemonchiffon-partridge-879114.hostingersite.com\/en\/#organization","name":"Omamori Spirit","url":"https:\/\/lemonchiffon-partridge-879114.hostingersite.com\/en\/","logo":{"@type":"ImageObject","inLanguage":"fr-FR","@id":"https:\/\/lemonchiffon-partridge-879114.hostingersite.com\/en\/#\/schema\/logo\/image\/","url":"https:\/\/omamorispirit.com\/wp-content\/uploads\/2025\/09\/logo-omamori-spirit.png","contentUrl":"https:\/\/omamorispirit.com\/wp-content\/uploads\/2025\/09\/logo-omamori-spirit.png","width":287,"height":277,"caption":"Omamori Spirit"},"image":{"@id":"https:\/\/lemonchiffon-partridge-879114.hostingersite.com\/en\/#\/schema\/logo\/image\/"}}]}},"_links":{"self":[{"href":"https:\/\/omamorispirit.com\/fr\/wp-json\/wp\/v2\/product\/879","targetHints":{"allow":["GET"]}}],"collection":[{"href":"https:\/\/omamorispirit.com\/fr\/wp-json\/wp\/v2\/product"}],"about":[{"href":"https:\/\/omamorispirit.com\/fr\/wp-json\/wp\/v2\/types\/product"}],"replies":[{"embeddable":true,"href":"https:\/\/omamorispirit.com\/fr\/wp-json\/wp\/v2\/comments?post=879"}],"wp:featuredmedia":[{"embeddable":true,"href":"https:\/\/omamorispirit.com\/fr\/wp-json\/wp\/v2\/media\/1243"}],"wp:attachment":[{"href":"https:\/\/omamorispirit.com\/fr\/wp-json\/wp\/v2\/media?parent=879"}],"wp:term":[{"taxonomy":"product_brand","embeddable":true,"href":"https:\/\/omamorispirit.com\/fr\/wp-json\/wp\/v2\/product_brand?post=879"},{"taxonomy":"product_cat","embeddable":true,"href":"https:\/\/omamorispirit.com\/fr\/wp-json\/wp\/v2\/product_cat?post=879"},{"taxonomy":"product_tag","embeddable":true,"href":"https:\/\/omamorispirit.com\/fr\/wp-json\/wp\/v2\/product_tag?post=879"}],"curies":[{"name":"wp","href":"https:\/\/api.w.org\/{rel}","templated":true}]}}